{"id":2626426,"date":"2025-09-11T01:31:06","date_gmt":"2025-09-10T23:31:06","guid":{"rendered":"https:\/\/streetmarkets.fr\/app\/produit\/fam-jean-fila-black\/"},"modified":"2025-12-14T00:29:47","modified_gmt":"2025-12-13T23:29:47","slug":"fam-jean-fila-black","status":"publish","type":"product","link":"https:\/\/streetmarkets.fr\/app\/produit\/fam-jean-fila-black\/","title":{"rendered":"FAM &#8211; Jean Fila Black"},"content":{"rendered":"<p>Le FILA c\u2019est le denim &#8220;Flare&#8221; originel. Cette coupe vintage des ann\u00e9es 70 est id\u00e9ale pour allonger sa silhouette.<\/p>\n<ul>\n<li>Taille haute<\/li>\n<li>Fermeture zipp\u00e9e<\/li>\n<li>Jambes larges<\/li>\n<li>Passants \u00e0 la taille<\/li>\n<li>Poches devant avec d\u00e9coupe et poches plaqu\u00e9es au dos<\/li>\n<\/ul>\n<p>70% Coton, 30% Polyester<\/p>\n","protected":false},"excerpt":{"rendered":"<p>Le FILA c\u2019est le denim &#8220;Flare&#8221; originel. Cette coupe vintage des ann\u00e9es 70 est id\u00e9ale pour allonger sa silhouette. Taille haute Fermeture zipp\u00e9e Jambes larges Passants \u00e0 la taille Poches devant avec d\u00e9coupe et poches plaqu\u00e9es au dos 70% Coton, 30% Polyester<\/p>\n","protected":false},"featured_media":2626427,"comment_status":"open","ping_status":"closed","template":"","meta":[],"product_brand":[],"product_cat":[1756,1762],"product_tag":[1810],"acf":[],"_links":{"self":[{"href":"https:\/\/streetmarkets.fr\/app\/wp-json\/wp\/v2\/product\/2626426"}],"collection":[{"href":"https:\/\/streetmarkets.fr\/app\/wp-json\/wp\/v2\/product"}],"about":[{"href":"https:\/\/streetmarkets.fr\/app\/wp-json\/wp\/v2\/types\/product"}],"replies":[{"embeddable":true,"href":"https:\/\/streetmarkets.fr\/app\/wp-json\/wp\/v2\/comments?post=2626426"}],"wp:featuredmedia":[{"embeddable":true,"href":"https:\/\/streetmarkets.fr\/app\/wp-json\/wp\/v2\/media\/2626427"}],"wp:attachment":[{"href":"https:\/\/streetmarkets.fr\/app\/wp-json\/wp\/v2\/media?parent=2626426"}],"wp:term":[{"taxonomy":"product_brand","embeddable":true,"href":"https:\/\/streetmarkets.fr\/app\/wp-json\/wp\/v2\/product_brand?post=2626426"},{"taxonomy":"product_cat","embeddable":true,"href":"https:\/\/streetmarkets.fr\/app\/wp-json\/wp\/v2\/product_cat?post=2626426"},{"taxonomy":"product_tag","embeddable":true,"href":"https:\/\/streetmarkets.fr\/app\/wp-json\/wp\/v2\/product_tag?post=2626426"}],"curies":[{"name":"wp","href":"https:\/\/api.w.org\/{rel}","templated":true}]}}