{"id":2626134,"date":"2025-09-11T01:15:07","date_gmt":"2025-09-10T23:15:07","guid":{"rendered":"https:\/\/streetmarkets.fr\/app\/produit\/foulard-cerisier-orage\/"},"modified":"2025-11-24T00:15:48","modified_gmt":"2025-11-23T23:15:48","slug":"foulard-cerisier-orage","status":"publish","type":"product","link":"https:\/\/streetmarkets.fr\/app\/produit\/foulard-cerisier-orage\/","title":{"rendered":"Foulard Cerisier &#8211; Orage"},"content":{"rendered":"<p>Imprim\u00e9 \u00e0 la main selon la technique du block print, ce foulard en coton joue la carte de la simplicit\u00e9 chic. La mati\u00e8re naturelle est douce et respirante, agr\u00e9able \u00e0 porter toute la journ\u00e9e. Le motif Cerisier en coloris Orage apporte une touche graphique qui rel\u00e8ve instantan\u00e9ment un look, sans en faire trop. Disponible en deux formats, il passe du bandana au grand foulard enveloppant selon vos envies. Un accessoire facile \u00e0 vivre, pens\u00e9 pour celles qui aiment les belles pi\u00e8ces artisanales et les d\u00e9tails qui font la diff\u00e9rence.<\/p>\n","protected":false},"excerpt":{"rendered":"<p>Imprim\u00e9 \u00e0 la main selon la technique du block print, ce foulard en coton joue la carte de la simplicit\u00e9 chic. La mati\u00e8re naturelle est douce et respirante, agr\u00e9able \u00e0 porter toute la journ\u00e9e. Le motif Cerisier en coloris Orage apporte une touche graphique qui rel\u00e8ve instantan\u00e9ment un look, sans en faire trop. Disponible en [&hellip;]<\/p>\n","protected":false},"featured_media":2626135,"comment_status":"open","ping_status":"closed","template":"","meta":[],"product_brand":[],"product_cat":[1756,1764],"product_tag":[1810],"acf":[],"_links":{"self":[{"href":"https:\/\/streetmarkets.fr\/app\/wp-json\/wp\/v2\/product\/2626134"}],"collection":[{"href":"https:\/\/streetmarkets.fr\/app\/wp-json\/wp\/v2\/product"}],"about":[{"href":"https:\/\/streetmarkets.fr\/app\/wp-json\/wp\/v2\/types\/product"}],"replies":[{"embeddable":true,"href":"https:\/\/streetmarkets.fr\/app\/wp-json\/wp\/v2\/comments?post=2626134"}],"wp:featuredmedia":[{"embeddable":true,"href":"https:\/\/streetmarkets.fr\/app\/wp-json\/wp\/v2\/media\/2626135"}],"wp:attachment":[{"href":"https:\/\/streetmarkets.fr\/app\/wp-json\/wp\/v2\/media?parent=2626134"}],"wp:term":[{"taxonomy":"product_brand","embeddable":true,"href":"https:\/\/streetmarkets.fr\/app\/wp-json\/wp\/v2\/product_brand?post=2626134"},{"taxonomy":"product_cat","embeddable":true,"href":"https:\/\/streetmarkets.fr\/app\/wp-json\/wp\/v2\/product_cat?post=2626134"},{"taxonomy":"product_tag","embeddable":true,"href":"https:\/\/streetmarkets.fr\/app\/wp-json\/wp\/v2\/product_tag?post=2626134"}],"curies":[{"name":"wp","href":"https:\/\/api.w.org\/{rel}","templated":true}]}}