{"id":2626131,"date":"2025-09-11T01:14:34","date_gmt":"2025-09-10T23:14:34","guid":{"rendered":"https:\/\/streetmarkets.fr\/app\/produit\/sac-buddha-violeta-macadamia\/"},"modified":"2025-11-24T00:15:17","modified_gmt":"2025-11-23T23:15:17","slug":"sac-buddha-violeta-macadamia","status":"publish","type":"product","link":"https:\/\/streetmarkets.fr\/app\/produit\/sac-buddha-violeta-macadamia\/","title":{"rendered":"Sac Buddha Violeta &#8211; Macadamia"},"content":{"rendered":"<p>Un cabas g\u00e9n\u00e9reux, l\u00e9ger et pratique, pens\u00e9 pour la vraie vie. En 100% coton et fabriqu\u00e9 \u00e0 la main, il conjugue douceur au toucher et solidit\u00e9 au quotidien. Son grand volume en fait un excellent sac de week-end 48h, tandis que sa souplesse permet de le glisser en bagage cabine sans prise de t\u00eate. Les petites poches offrent un acc\u00e8s rapide aux indispensables (cl\u00e9s, t\u00e9l\u00e9phone, passeport), et le port\u00e9 \u00e9paule reste confortable toute la journ\u00e9e. Le coloris Violeta &#8211; Macadamia apporte la petite touche de style qui va partout, au bureau comme en vadrouille.<\/p>\n","protected":false},"excerpt":{"rendered":"<p>Un cabas g\u00e9n\u00e9reux, l\u00e9ger et pratique, pens\u00e9 pour la vraie vie. En 100% coton et fabriqu\u00e9 \u00e0 la main, il conjugue douceur au toucher et solidit\u00e9 au quotidien. Son grand volume en fait un excellent sac de week-end 48h, tandis que sa souplesse permet de le glisser en bagage cabine sans prise de t\u00eate. Les [&hellip;]<\/p>\n","protected":false},"featured_media":2626132,"comment_status":"open","ping_status":"closed","template":"","meta":[],"product_brand":[],"product_cat":[1756,1764],"product_tag":[1810],"acf":[],"_links":{"self":[{"href":"https:\/\/streetmarkets.fr\/app\/wp-json\/wp\/v2\/product\/2626131"}],"collection":[{"href":"https:\/\/streetmarkets.fr\/app\/wp-json\/wp\/v2\/product"}],"about":[{"href":"https:\/\/streetmarkets.fr\/app\/wp-json\/wp\/v2\/types\/product"}],"replies":[{"embeddable":true,"href":"https:\/\/streetmarkets.fr\/app\/wp-json\/wp\/v2\/comments?post=2626131"}],"wp:featuredmedia":[{"embeddable":true,"href":"https:\/\/streetmarkets.fr\/app\/wp-json\/wp\/v2\/media\/2626132"}],"wp:attachment":[{"href":"https:\/\/streetmarkets.fr\/app\/wp-json\/wp\/v2\/media?parent=2626131"}],"wp:term":[{"taxonomy":"product_brand","embeddable":true,"href":"https:\/\/streetmarkets.fr\/app\/wp-json\/wp\/v2\/product_brand?post=2626131"},{"taxonomy":"product_cat","embeddable":true,"href":"https:\/\/streetmarkets.fr\/app\/wp-json\/wp\/v2\/product_cat?post=2626131"},{"taxonomy":"product_tag","embeddable":true,"href":"https:\/\/streetmarkets.fr\/app\/wp-json\/wp\/v2\/product_tag?post=2626131"}],"curies":[{"name":"wp","href":"https:\/\/api.w.org\/{rel}","templated":true}]}}