{"id":2626128,"date":"2025-09-11T01:14:34","date_gmt":"2025-09-10T23:14:34","guid":{"rendered":"https:\/\/streetmarkets.fr\/app\/produit\/sac-a-dos-suji-cactus-cherry\/"},"modified":"2025-11-24T00:15:17","modified_gmt":"2025-11-23T23:15:17","slug":"sac-a-dos-suji-cactus-cherry","status":"publish","type":"product","link":"https:\/\/streetmarkets.fr\/app\/produit\/sac-a-dos-suji-cactus-cherry\/","title":{"rendered":"Sac \u00e0 Dos Suji Cactus &#8211; Cherry"},"content":{"rendered":"<p>Un format g\u00e9n\u00e9reux, une mati\u00e8re toute douce et un look cactus plein de pep\u2019s : ce mod\u00e8le coche toutes les cases du sac \u00e0 dos enfant pratique et joli. 100% coton et fabriqu\u00e9 \u00e0 la main, il est confortable \u00e0 porter et suffisamment souple pour se glisser en bagage cabine lors des petits voyages. Les petites poches offrent un acc\u00e8s rapide aux essentiels (go\u00fbter, doudou, cl\u00e9s), et son volume en fait un alli\u00e9 parfait pour l\u2019\u00e9cole, les activit\u00e9s, ou un week-end 48h chez les grands-parents. Facile \u00e0 vivre, il passe en machine \u00e0 30\u00b0 (cycle d\u00e9licat) pour repartir comme neuf.<\/p>\n","protected":false},"excerpt":{"rendered":"<p>Un format g\u00e9n\u00e9reux, une mati\u00e8re toute douce et un look cactus plein de pep\u2019s : ce mod\u00e8le coche toutes les cases du sac \u00e0 dos enfant pratique et joli. 100% coton et fabriqu\u00e9 \u00e0 la main, il est confortable \u00e0 porter et suffisamment souple pour se glisser en bagage cabine lors des petits voyages. Les [&hellip;]<\/p>\n","protected":false},"featured_media":2626129,"comment_status":"open","ping_status":"closed","template":"","meta":[],"product_brand":[],"product_cat":[1756,1760],"product_tag":[1810],"acf":[],"_links":{"self":[{"href":"https:\/\/streetmarkets.fr\/app\/wp-json\/wp\/v2\/product\/2626128"}],"collection":[{"href":"https:\/\/streetmarkets.fr\/app\/wp-json\/wp\/v2\/product"}],"about":[{"href":"https:\/\/streetmarkets.fr\/app\/wp-json\/wp\/v2\/types\/product"}],"replies":[{"embeddable":true,"href":"https:\/\/streetmarkets.fr\/app\/wp-json\/wp\/v2\/comments?post=2626128"}],"wp:featuredmedia":[{"embeddable":true,"href":"https:\/\/streetmarkets.fr\/app\/wp-json\/wp\/v2\/media\/2626129"}],"wp:attachment":[{"href":"https:\/\/streetmarkets.fr\/app\/wp-json\/wp\/v2\/media?parent=2626128"}],"wp:term":[{"taxonomy":"product_brand","embeddable":true,"href":"https:\/\/streetmarkets.fr\/app\/wp-json\/wp\/v2\/product_brand?post=2626128"},{"taxonomy":"product_cat","embeddable":true,"href":"https:\/\/streetmarkets.fr\/app\/wp-json\/wp\/v2\/product_cat?post=2626128"},{"taxonomy":"product_tag","embeddable":true,"href":"https:\/\/streetmarkets.fr\/app\/wp-json\/wp\/v2\/product_tag?post=2626128"}],"curies":[{"name":"wp","href":"https:\/\/api.w.org\/{rel}","templated":true}]}}