{"id":2626119,"date":"2025-09-11T01:14:31","date_gmt":"2025-09-10T23:14:31","guid":{"rendered":"https:\/\/streetmarkets.fr\/app\/produit\/chouchou-amor-macadamia\/"},"modified":"2025-11-24T00:15:17","modified_gmt":"2025-11-23T23:15:17","slug":"chouchou-amor-macadamia","status":"publish","type":"product","link":"https:\/\/streetmarkets.fr\/app\/produit\/chouchou-amor-macadamia\/","title":{"rendered":"Chouchou Amor &#8211; Macadamia"},"content":{"rendered":"<p>Ce chouchou en coton 100% naturel r\u00e9unit douceur, tenue et simplicit\u00e9. Dans les cheveux, il maintient une queue de cheval ou un chignon sans tirer ni marquer. Au poignet, il devient un petit bracelet textile toujours pr\u00eat \u00e0 d\u00e9panner.<br \/>\nLa teinte Macadamia, neutre et chic, s\u2019accorde avec tout. Chaque pi\u00e8ce est fabriqu\u00e9e \u00e0 la main, avec une attention port\u00e9e aux finitions. Un accessoire cheveux femme et enfant facile \u00e0 vivre, \u00e0 la fois joli, utile et responsable. Id\u00e9e cadeau parfaite pour un scrunchie en coton qui dure et qu\u2019on porte au quotidien.<\/p>\n","protected":false},"excerpt":{"rendered":"<p>Ce chouchou en coton 100% naturel r\u00e9unit douceur, tenue et simplicit\u00e9. Dans les cheveux, il maintient une queue de cheval ou un chignon sans tirer ni marquer. Au poignet, il devient un petit bracelet textile toujours pr\u00eat \u00e0 d\u00e9panner. La teinte Macadamia, neutre et chic, s\u2019accorde avec tout. Chaque pi\u00e8ce est fabriqu\u00e9e \u00e0 la main, [&hellip;]<\/p>\n","protected":false},"featured_media":2626120,"comment_status":"open","ping_status":"closed","template":"","meta":[],"product_brand":[],"product_cat":[1756,1764],"product_tag":[1810],"acf":[],"_links":{"self":[{"href":"https:\/\/streetmarkets.fr\/app\/wp-json\/wp\/v2\/product\/2626119"}],"collection":[{"href":"https:\/\/streetmarkets.fr\/app\/wp-json\/wp\/v2\/product"}],"about":[{"href":"https:\/\/streetmarkets.fr\/app\/wp-json\/wp\/v2\/types\/product"}],"replies":[{"embeddable":true,"href":"https:\/\/streetmarkets.fr\/app\/wp-json\/wp\/v2\/comments?post=2626119"}],"wp:featuredmedia":[{"embeddable":true,"href":"https:\/\/streetmarkets.fr\/app\/wp-json\/wp\/v2\/media\/2626120"}],"wp:attachment":[{"href":"https:\/\/streetmarkets.fr\/app\/wp-json\/wp\/v2\/media?parent=2626119"}],"wp:term":[{"taxonomy":"product_brand","embeddable":true,"href":"https:\/\/streetmarkets.fr\/app\/wp-json\/wp\/v2\/product_brand?post=2626119"},{"taxonomy":"product_cat","embeddable":true,"href":"https:\/\/streetmarkets.fr\/app\/wp-json\/wp\/v2\/product_cat?post=2626119"},{"taxonomy":"product_tag","embeddable":true,"href":"https:\/\/streetmarkets.fr\/app\/wp-json\/wp\/v2\/product_tag?post=2626119"}],"curies":[{"name":"wp","href":"https:\/\/api.w.org\/{rel}","templated":true}]}}