{"id":2626116,"date":"2025-09-11T01:14:30","date_gmt":"2025-09-10T23:14:30","guid":{"rendered":"https:\/\/streetmarkets.fr\/app\/produit\/chouchou-cactus-cherry\/"},"modified":"2025-11-24T00:15:17","modified_gmt":"2025-11-23T23:15:17","slug":"chouchou-cactus-cherry","status":"publish","type":"product","link":"https:\/\/streetmarkets.fr\/app\/produit\/chouchou-cactus-cherry\/","title":{"rendered":"Chouchou Cactus &#8211; Cherry"},"content":{"rendered":"<p>Ce chouchou en 100 % coton est l\u2019accessoire facile qui finit une tenue sans y penser. Fait main, il offre un maintien souple pour la queue de cheval, le chignon ou la demi-queue, tout en restant agr\u00e9able \u00e0 porter. Son motif Cactus &#8211; Cherry apporte la petite touche cool qu\u2019on aime. Et quand les cheveux sont l\u00e2ch\u00e9s, il devient un petit bracelet textile qui ne vous quitte plus. Un indispensable pour femmes et enfants, pratique \u00e0 offrir, simple \u00e0 adopter.<\/p>\n","protected":false},"excerpt":{"rendered":"<p>Ce chouchou en 100 % coton est l\u2019accessoire facile qui finit une tenue sans y penser. Fait main, il offre un maintien souple pour la queue de cheval, le chignon ou la demi-queue, tout en restant agr\u00e9able \u00e0 porter. Son motif Cactus &#8211; Cherry apporte la petite touche cool qu\u2019on aime. Et quand les cheveux [&hellip;]<\/p>\n","protected":false},"featured_media":2626117,"comment_status":"open","ping_status":"closed","template":"","meta":[],"product_brand":[],"product_cat":[1756,1764],"product_tag":[1810],"acf":[],"_links":{"self":[{"href":"https:\/\/streetmarkets.fr\/app\/wp-json\/wp\/v2\/product\/2626116"}],"collection":[{"href":"https:\/\/streetmarkets.fr\/app\/wp-json\/wp\/v2\/product"}],"about":[{"href":"https:\/\/streetmarkets.fr\/app\/wp-json\/wp\/v2\/types\/product"}],"replies":[{"embeddable":true,"href":"https:\/\/streetmarkets.fr\/app\/wp-json\/wp\/v2\/comments?post=2626116"}],"wp:featuredmedia":[{"embeddable":true,"href":"https:\/\/streetmarkets.fr\/app\/wp-json\/wp\/v2\/media\/2626117"}],"wp:attachment":[{"href":"https:\/\/streetmarkets.fr\/app\/wp-json\/wp\/v2\/media?parent=2626116"}],"wp:term":[{"taxonomy":"product_brand","embeddable":true,"href":"https:\/\/streetmarkets.fr\/app\/wp-json\/wp\/v2\/product_brand?post=2626116"},{"taxonomy":"product_cat","embeddable":true,"href":"https:\/\/streetmarkets.fr\/app\/wp-json\/wp\/v2\/product_cat?post=2626116"},{"taxonomy":"product_tag","embeddable":true,"href":"https:\/\/streetmarkets.fr\/app\/wp-json\/wp\/v2\/product_tag?post=2626116"}],"curies":[{"name":"wp","href":"https:\/\/api.w.org\/{rel}","templated":true}]}}