{"id":2621361,"date":"2025-09-10T02:10:59","date_gmt":"2025-09-10T00:10:59","guid":{"rendered":"https:\/\/streetmarkets.fr\/app\/produit\/nouveau-mother-t-shirt-the-rowdy-oui-non\/"},"modified":"2026-01-28T01:05:43","modified_gmt":"2026-01-28T00:05:43","slug":"nouveau-mother-t-shirt-the-rowdy-oui-non","status":"publish","type":"product","link":"https:\/\/streetmarkets.fr\/app\/produit\/nouveau-mother-t-shirt-the-rowdy-oui-non\/","title":{"rendered":"Nouveau ! MOTHER T-shirt The Rowdy Oui Non"},"content":{"rendered":"<p data-rte-preserve-empty=\"true\">T-shirt en coton coupe ample, encolure arrondie, manches courtes, tout doux et mignon. <\/p>\n<p data-rte-preserve-empty=\"true\">D\u00e9tail : 100% coton <\/p>\n<p data-rte-preserve-empty=\"true\">Fabriqu\u00e9 \u00e0 Los Angeles<\/p>\n","protected":false},"excerpt":{"rendered":"<p>T-shirt en coton coupe ample, encolure arrondie, manches courtes, tout doux et mignon. D\u00e9tail : 100% coton Fabriqu\u00e9 \u00e0 Los Angeles<\/p>\n","protected":false},"featured_media":2621362,"comment_status":"open","ping_status":"closed","template":"","meta":[],"product_brand":[],"product_cat":[1756,1762],"product_tag":[2244],"acf":[],"_links":{"self":[{"href":"https:\/\/streetmarkets.fr\/app\/wp-json\/wp\/v2\/product\/2621361"}],"collection":[{"href":"https:\/\/streetmarkets.fr\/app\/wp-json\/wp\/v2\/product"}],"about":[{"href":"https:\/\/streetmarkets.fr\/app\/wp-json\/wp\/v2\/types\/product"}],"replies":[{"embeddable":true,"href":"https:\/\/streetmarkets.fr\/app\/wp-json\/wp\/v2\/comments?post=2621361"}],"wp:featuredmedia":[{"embeddable":true,"href":"https:\/\/streetmarkets.fr\/app\/wp-json\/wp\/v2\/media\/2621362"}],"wp:attachment":[{"href":"https:\/\/streetmarkets.fr\/app\/wp-json\/wp\/v2\/media?parent=2621361"}],"wp:term":[{"taxonomy":"product_brand","embeddable":true,"href":"https:\/\/streetmarkets.fr\/app\/wp-json\/wp\/v2\/product_brand?post=2621361"},{"taxonomy":"product_cat","embeddable":true,"href":"https:\/\/streetmarkets.fr\/app\/wp-json\/wp\/v2\/product_cat?post=2621361"},{"taxonomy":"product_tag","embeddable":true,"href":"https:\/\/streetmarkets.fr\/app\/wp-json\/wp\/v2\/product_tag?post=2621361"}],"curies":[{"name":"wp","href":"https:\/\/api.w.org\/{rel}","templated":true}]}}