{"id":2621355,"date":"2025-09-10T02:10:57","date_gmt":"2025-09-10T00:10:57","guid":{"rendered":"https:\/\/streetmarkets.fr\/app\/produit\/nouveau-mother-t-shirt-the-boxy-goodie-tee-mother-sunset\/"},"modified":"2026-04-25T01:59:40","modified_gmt":"2026-04-24T23:59:40","slug":"nouveau-mother-t-shirt-the-boxy-goodie-tee-mother-sunset","status":"publish","type":"product","link":"https:\/\/streetmarkets.fr\/app\/produit\/nouveau-mother-t-shirt-the-boxy-goodie-tee-mother-sunset\/","title":{"rendered":"Nouveau ! MOTHER T-shirt The Boxy Goodie Tee Mother Sunset -30%"},"content":{"rendered":"<p data-rte-preserve-empty=\"true\">T-shirt \u00e0 motif en coton, coupe ample, doux et souple, encolure arrondie et manches courtes. Tout mignon !<\/p>\n<p data-rte-preserve-empty=\"true\">D\u00e9tail : 100% coton <\/p>\n<p data-rte-preserve-empty=\"true\">Fabriqu\u00e9 \u00e0 Los Angeles<\/p>\n","protected":false},"excerpt":{"rendered":"<p>T-shirt \u00e0 motif en coton, coupe ample, doux et souple, encolure arrondie et manches courtes. Tout mignon ! D\u00e9tail : 100% coton Fabriqu\u00e9 \u00e0 Los Angeles<\/p>\n","protected":false},"featured_media":2621356,"comment_status":"open","ping_status":"closed","template":"","meta":[],"product_brand":[],"product_cat":[1756,1762],"product_tag":[2244],"acf":[],"_links":{"self":[{"href":"https:\/\/streetmarkets.fr\/app\/wp-json\/wp\/v2\/product\/2621355"}],"collection":[{"href":"https:\/\/streetmarkets.fr\/app\/wp-json\/wp\/v2\/product"}],"about":[{"href":"https:\/\/streetmarkets.fr\/app\/wp-json\/wp\/v2\/types\/product"}],"replies":[{"embeddable":true,"href":"https:\/\/streetmarkets.fr\/app\/wp-json\/wp\/v2\/comments?post=2621355"}],"wp:featuredmedia":[{"embeddable":true,"href":"https:\/\/streetmarkets.fr\/app\/wp-json\/wp\/v2\/media\/2621356"}],"wp:attachment":[{"href":"https:\/\/streetmarkets.fr\/app\/wp-json\/wp\/v2\/media?parent=2621355"}],"wp:term":[{"taxonomy":"product_brand","embeddable":true,"href":"https:\/\/streetmarkets.fr\/app\/wp-json\/wp\/v2\/product_brand?post=2621355"},{"taxonomy":"product_cat","embeddable":true,"href":"https:\/\/streetmarkets.fr\/app\/wp-json\/wp\/v2\/product_cat?post=2621355"},{"taxonomy":"product_tag","embeddable":true,"href":"https:\/\/streetmarkets.fr\/app\/wp-json\/wp\/v2\/product_tag?post=2621355"}],"curies":[{"name":"wp","href":"https:\/\/api.w.org\/{rel}","templated":true}]}}