{"id":2621321,"date":"2025-09-10T01:46:02","date_gmt":"2025-09-09T23:46:02","guid":{"rendered":"https:\/\/streetmarkets.fr\/app\/produit\/sac-ecru-en-toile-de-coton\/"},"modified":"2026-05-02T01:44:23","modified_gmt":"2026-05-01T23:44:23","slug":"sac-ecru-en-toile-de-coton","status":"publish","type":"product","link":"https:\/\/streetmarkets.fr\/app\/produit\/sac-ecru-en-toile-de-coton\/","title":{"rendered":"Sac \u00e9cru en toile de coton"},"content":{"rendered":"<ul>\n<li>sac <strong>bandouli\u00e8re<\/strong>\u00a0<\/li>\n<li>sangle r\u00e9glable<\/li>\n<li>dimensions : 27 cm x 16 cm x 7 cm<\/li>\n<li>50% coton 50% polyester recycl\u00e9<\/li>\n<li>r\u00e9alis\u00e9 au Vietnam dans un atelier de <strong>commerce \u00e9quitable<\/strong> labellis\u00e9 <strong>WFTO<\/strong> (<strong>World Fairtrade Organization<\/strong>)<\/li>\n<li>design cr\u00e9\u00e9 par la marque <strong>Earth Squared Ltd <\/strong>(membre de la<strong>\u00a0<span>British Association of Fair Trade Shops and Suppliers : BAFTS)<\/span>\u00a0<\/strong>\n<\/li>\n<\/ul>\n","protected":false},"excerpt":{"rendered":"<p>sac bandouli\u00e8re\u00a0 sangle r\u00e9glable dimensions : 27 cm x 16 cm x 7 cm 50% coton 50% polyester recycl\u00e9 r\u00e9alis\u00e9 au Vietnam dans un atelier de commerce \u00e9quitable labellis\u00e9 WFTO (World Fairtrade Organization) design cr\u00e9\u00e9 par la marque Earth Squared Ltd (membre de la\u00a0British Association of Fair Trade Shops and Suppliers : BAFTS)\u00a0<\/p>\n","protected":false},"featured_media":2621322,"comment_status":"open","ping_status":"closed","template":"","meta":[],"product_brand":[],"product_cat":[1756,1764],"product_tag":[1810,1813],"acf":[],"_links":{"self":[{"href":"https:\/\/streetmarkets.fr\/app\/wp-json\/wp\/v2\/product\/2621321"}],"collection":[{"href":"https:\/\/streetmarkets.fr\/app\/wp-json\/wp\/v2\/product"}],"about":[{"href":"https:\/\/streetmarkets.fr\/app\/wp-json\/wp\/v2\/types\/product"}],"replies":[{"embeddable":true,"href":"https:\/\/streetmarkets.fr\/app\/wp-json\/wp\/v2\/comments?post=2621321"}],"wp:featuredmedia":[{"embeddable":true,"href":"https:\/\/streetmarkets.fr\/app\/wp-json\/wp\/v2\/media\/2621322"}],"wp:attachment":[{"href":"https:\/\/streetmarkets.fr\/app\/wp-json\/wp\/v2\/media?parent=2621321"}],"wp:term":[{"taxonomy":"product_brand","embeddable":true,"href":"https:\/\/streetmarkets.fr\/app\/wp-json\/wp\/v2\/product_brand?post=2621321"},{"taxonomy":"product_cat","embeddable":true,"href":"https:\/\/streetmarkets.fr\/app\/wp-json\/wp\/v2\/product_cat?post=2621321"},{"taxonomy":"product_tag","embeddable":true,"href":"https:\/\/streetmarkets.fr\/app\/wp-json\/wp\/v2\/product_tag?post=2621321"}],"curies":[{"name":"wp","href":"https:\/\/api.w.org\/{rel}","templated":true}]}}