{"id":2620760,"date":"2025-09-10T00:59:20","date_gmt":"2025-09-09T22:59:20","guid":{"rendered":"https:\/\/streetmarkets.fr\/app\/produit\/body-sharon\/"},"modified":"2026-05-06T00:56:05","modified_gmt":"2026-05-05T22:56:05","slug":"body-sharon","status":"publish","type":"product","link":"https:\/\/streetmarkets.fr\/app\/produit\/body-sharon\/","title":{"rendered":"Body Sharon"},"content":{"rendered":"<p>Le body Sharon est la petite nouveaut\u00e9 de la boutique cet hiver. Avec son encolure bateau \u00e0 l&#8217;avant, et son col qui remonte l\u00e9g\u00e8rement dans la nuque, il reste sobre et raffin\u00e9e. Id\u00e9al pour une soir\u00e9e ou un \u00e9v\u00e9nement sp\u00e9cial.<\/p>\n<p>D\u00c9TAILS<\/p>\n<ul>\n<li>Fabriqu\u00e9 en France, \u00e0 Troyes<\/li>\n<li>\n<p><span>Encolure bateau \u00e0 l&#8217;avant<\/span>\n<\/li>\n<li><span>Col qui remonte l\u00e9g\u00e8rement dans la nuque<\/span><\/li>\n<li><span>Col rond devant<\/span><\/li>\n<li><span>Boutons pression \u00e0 l\u2019entrejambe<\/span><\/li>\n<li>Mati\u00e8re : Ottoman  <span>c\u00f4tel\u00e9 doux\u00a0<\/span>(73% viscose, 23% polyamide, 4% \u00e9lasthanne)<\/li>\n<\/ul>\n<p>LE CONSEIL D&#8217;ASTRID<\/p>\n<p>Portez ce body avec un jean taille haute pour une tenue d\u00e9contract\u00e9e de journ\u00e9e.\u00a0<\/p>\n<p>CONSEIL D&#8217;ENTRETIEN<\/p>\n<ul>\n<li>Lavage \u00e0 a main conseill\u00e9\n<\/li>\n<\/ul>\n<p>LA MARQUE<\/p>\n<p>&#8211; Des v\u00eatements 100% made in France &#8211;<\/p>\n<p>Flair est une marque fran\u00e7aise sp\u00e9cialis\u00e9e dans les bodys. Fabriqu\u00e9s \u00e0 Troyes, les bodys allient confort, f\u00e9minit\u00e9 et qualit\u00e9. Cr\u00e9\u00e9e par Cl\u00e9mence en 2017, la cr\u00e9atrice est une v\u00e9ritable body-addict et a souhait\u00e9 au travers de ses cr\u00e9ations, proposer des pi\u00e8ces intemporelles, uniques et originales.\u00a0<\/p>\n","protected":false},"excerpt":{"rendered":"<p>Le body Sharon est la petite nouveaut\u00e9 de la boutique cet hiver. Avec son encolure bateau \u00e0 l&#8217;avant, et son col qui remonte l\u00e9g\u00e8rement dans la nuque, il reste sobre et raffin\u00e9e. Id\u00e9al pour une soir\u00e9e ou un \u00e9v\u00e9nement sp\u00e9cial. D\u00c9TAILS Fabriqu\u00e9 en France, \u00e0 Troyes Encolure bateau \u00e0 l&#8217;avant Col qui remonte l\u00e9g\u00e8rement dans [&hellip;]<\/p>\n","protected":false},"featured_media":2620761,"comment_status":"open","ping_status":"closed","template":"","meta":[],"product_brand":[],"product_cat":[1756,1762],"product_tag":[1813],"acf":[],"_links":{"self":[{"href":"https:\/\/streetmarkets.fr\/app\/wp-json\/wp\/v2\/product\/2620760"}],"collection":[{"href":"https:\/\/streetmarkets.fr\/app\/wp-json\/wp\/v2\/product"}],"about":[{"href":"https:\/\/streetmarkets.fr\/app\/wp-json\/wp\/v2\/types\/product"}],"replies":[{"embeddable":true,"href":"https:\/\/streetmarkets.fr\/app\/wp-json\/wp\/v2\/comments?post=2620760"}],"wp:featuredmedia":[{"embeddable":true,"href":"https:\/\/streetmarkets.fr\/app\/wp-json\/wp\/v2\/media\/2620761"}],"wp:attachment":[{"href":"https:\/\/streetmarkets.fr\/app\/wp-json\/wp\/v2\/media?parent=2620760"}],"wp:term":[{"taxonomy":"product_brand","embeddable":true,"href":"https:\/\/streetmarkets.fr\/app\/wp-json\/wp\/v2\/product_brand?post=2620760"},{"taxonomy":"product_cat","embeddable":true,"href":"https:\/\/streetmarkets.fr\/app\/wp-json\/wp\/v2\/product_cat?post=2620760"},{"taxonomy":"product_tag","embeddable":true,"href":"https:\/\/streetmarkets.fr\/app\/wp-json\/wp\/v2\/product_tag?post=2620760"}],"curies":[{"name":"wp","href":"https:\/\/api.w.org\/{rel}","templated":true}]}}