{"id":2615583,"date":"2025-09-08T07:37:46","date_gmt":"2025-09-08T05:37:46","guid":{"rendered":"https:\/\/streetmarkets.fr\/app\/produit\/echarpe-cachemire-madluv-bella-3\/"},"modified":"2026-05-08T07:37:15","modified_gmt":"2026-05-08T05:37:15","slug":"echarpe-cachemire-madluv-bella-3","status":"publish","type":"product","link":"https:\/\/streetmarkets.fr\/app\/produit\/echarpe-cachemire-madluv-bella-3\/","title":{"rendered":"Echarpe Cachemire Madluv Bella"},"content":{"rendered":"<p>BELLA :Echarpe aux bordures color\u00e9esPi\u00e8ce \u00e9dition limit\u00e9e, disponible uniquement chez MADLUV.Dimensions : 180 cm x 25 cm.Composition :70% laine \/ 30% cachemire-\u00a0Taille Unique &#8211; Coloris : Rose &#8211; Existe aussi en Bleu et en Rose.La livraison est offerte pour la France M\u00e9tropolitaine !<\/p>\n","protected":false},"excerpt":{"rendered":"<p>BELLA :Echarpe aux bordures color\u00e9esPi\u00e8ce \u00e9dition limit\u00e9e, disponible uniquement chez MADLUV.Dimensions : 180 cm x 25 cm.Composition :70% laine \/ 30% cachemire-\u00a0Taille Unique &#8211; Coloris : Rose &#8211; Existe aussi en Bleu et en Rose.La livraison est offerte pour la France M\u00e9tropolitaine !<\/p>\n","protected":false},"featured_media":2615584,"comment_status":"open","ping_status":"closed","template":"","meta":[],"product_brand":[],"product_cat":[1756,1764],"product_tag":[2244],"acf":[],"_links":{"self":[{"href":"https:\/\/streetmarkets.fr\/app\/wp-json\/wp\/v2\/product\/2615583"}],"collection":[{"href":"https:\/\/streetmarkets.fr\/app\/wp-json\/wp\/v2\/product"}],"about":[{"href":"https:\/\/streetmarkets.fr\/app\/wp-json\/wp\/v2\/types\/product"}],"replies":[{"embeddable":true,"href":"https:\/\/streetmarkets.fr\/app\/wp-json\/wp\/v2\/comments?post=2615583"}],"wp:featuredmedia":[{"embeddable":true,"href":"https:\/\/streetmarkets.fr\/app\/wp-json\/wp\/v2\/media\/2615584"}],"wp:attachment":[{"href":"https:\/\/streetmarkets.fr\/app\/wp-json\/wp\/v2\/media?parent=2615583"}],"wp:term":[{"taxonomy":"product_brand","embeddable":true,"href":"https:\/\/streetmarkets.fr\/app\/wp-json\/wp\/v2\/product_brand?post=2615583"},{"taxonomy":"product_cat","embeddable":true,"href":"https:\/\/streetmarkets.fr\/app\/wp-json\/wp\/v2\/product_cat?post=2615583"},{"taxonomy":"product_tag","embeddable":true,"href":"https:\/\/streetmarkets.fr\/app\/wp-json\/wp\/v2\/product_tag?post=2615583"}],"curies":[{"name":"wp","href":"https:\/\/api.w.org\/{rel}","templated":true}]}}