{"id":2615560,"date":"2025-09-08T07:36:51","date_gmt":"2025-09-08T05:36:51","guid":{"rendered":"https:\/\/streetmarkets.fr\/app\/produit\/gilet-cachemire-madluv-betty\/"},"modified":"2026-05-11T07:37:18","modified_gmt":"2026-05-11T05:37:18","slug":"gilet-cachemire-madluv-betty","status":"publish","type":"product","link":"https:\/\/streetmarkets.fr\/app\/produit\/gilet-cachemire-madluv-betty\/","title":{"rendered":"Gilet Cachemire Madluv Betty"},"content":{"rendered":"<p>BETTY :Gilet col V, manches longues, avec unjoli \u00e9clair color\u00e9en intarsia (tricotage haute pr\u00e9cision).Pi\u00e8ce \u00e9dition limit\u00e9e, disponible uniquement chez MADLUV.Composition :70% laine \/ 30% cachemire-\u00a0Taille Unique &#8211; Coloris : Noir &#8211; Existe aussi en Bleu et en Rose.La livraison est offerte pour la France M\u00e9tropolitaine !<\/p>\n","protected":false},"excerpt":{"rendered":"<p>BETTY :Gilet col V, manches longues, avec unjoli \u00e9clair color\u00e9en intarsia (tricotage haute pr\u00e9cision).Pi\u00e8ce \u00e9dition limit\u00e9e, disponible uniquement chez MADLUV.Composition :70% laine \/ 30% cachemire-\u00a0Taille Unique &#8211; Coloris : Noir &#8211; Existe aussi en Bleu et en Rose.La livraison est offerte pour la France M\u00e9tropolitaine !<\/p>\n","protected":false},"featured_media":2615561,"comment_status":"open","ping_status":"closed","template":"","meta":[],"product_brand":[],"product_cat":[1756,1762],"product_tag":[2244],"acf":[],"_links":{"self":[{"href":"https:\/\/streetmarkets.fr\/app\/wp-json\/wp\/v2\/product\/2615560"}],"collection":[{"href":"https:\/\/streetmarkets.fr\/app\/wp-json\/wp\/v2\/product"}],"about":[{"href":"https:\/\/streetmarkets.fr\/app\/wp-json\/wp\/v2\/types\/product"}],"replies":[{"embeddable":true,"href":"https:\/\/streetmarkets.fr\/app\/wp-json\/wp\/v2\/comments?post=2615560"}],"wp:featuredmedia":[{"embeddable":true,"href":"https:\/\/streetmarkets.fr\/app\/wp-json\/wp\/v2\/media\/2615561"}],"wp:attachment":[{"href":"https:\/\/streetmarkets.fr\/app\/wp-json\/wp\/v2\/media?parent=2615560"}],"wp:term":[{"taxonomy":"product_brand","embeddable":true,"href":"https:\/\/streetmarkets.fr\/app\/wp-json\/wp\/v2\/product_brand?post=2615560"},{"taxonomy":"product_cat","embeddable":true,"href":"https:\/\/streetmarkets.fr\/app\/wp-json\/wp\/v2\/product_cat?post=2615560"},{"taxonomy":"product_tag","embeddable":true,"href":"https:\/\/streetmarkets.fr\/app\/wp-json\/wp\/v2\/product_tag?post=2615560"}],"curies":[{"name":"wp","href":"https:\/\/api.w.org\/{rel}","templated":true}]}}