{"id":2610870,"date":"2025-09-08T03:34:42","date_gmt":"2025-09-08T01:34:42","guid":{"rendered":"https:\/\/streetmarkets.fr\/app\/produit\/silhouette-7070\/"},"modified":"2026-05-04T03:33:30","modified_gmt":"2026-05-04T01:33:30","slug":"silhouette-7070","status":"publish","type":"product","link":"https:\/\/streetmarkets.fr\/app\/produit\/silhouette-7070\/","title":{"rendered":"Silhouette &#8211; 7070"},"content":{"rendered":"<p class=\"description_avant_accordeon\">D\u00e9couvrez les lunettes vintage Silhouette, une monture carr\u00e9e embl\u00e9matique des ann\u00e9es 80. Alliant style r\u00e9tro et \u00e9l\u00e9gance intemporelle, elles peuvent \u00eatre adapt\u00e9es \u00e0 votre vue sur mesure en boutique ou \u00e9quip\u00e9es de verres solaires pour une protection optimale. Apportez une touche unique et authentique \u00e0 votre look avec ce mod\u00e8le rare et iconique.<\/p>\n<div id=\"accordion\">\n<div style=\"border-top: 1px solid #d3d3d3;border-left: none;border-right: none;border-bottom: 1px solid #d3d3d3\" class=\"card\">\n<button data-target=\"#collapseOne\" data-toggle=\"collapse\" class=\"card-header collapsed card-link\" style=\"color: black;background-color: initial;box-shadow: none;font-size: 20px;text-transform: uppercase;border: none\"> <b style=\"font-family: Oswald;font-size: 15px;font-style: normal;font-variant: normal;font-weight: 400;line-height: 18.2px;text-align: justify;color: #766456;letter-spacing: 1px\" class=\"header-title float-left\"><\/b><\/button><br \/><button data-target=\"#collapseOne\" data-toggle=\"collapse\" class=\"card-header collapsed card-link\" style=\"color: black;background-color: initial;box-shadow: none;font-size: 20px;text-transform: uppercase;border: none\"><b style=\"font-family: Oswald;font-size: 15px;font-style: normal;font-variant: normal;font-weight: 400;line-height: 18.2px;text-align: justify;color: #766456;letter-spacing: 1px\" class=\"header-title float-left\">Description d\u00e9taill\u00e9e <\/b> <i style=\"position: absolute;right: 10px;color: #766456\" class=\"fas fa-angle-right float-right\"><\/i> <\/button><\/p>\n<div class=\"collapse\" id=\"collapseOne\">\n<div class=\"card-body\">\n<p style=\"margin-bottom: -3px\"><b><br \/>Marque :<\/b>Silhouette<\/p>\n<p style=\"margin-bottom: -3px\"><b>Ann\u00e9e :\u00a0<\/b>1989<\/p>\n<p style=\"margin-bottom: -3px\"><b>Forme : <\/b>Carr\u00e9<\/p>\n<p style=\"margin-bottom: -3px\"><b>Couleur : <\/b>Dor\u00e9 et bleu<\/p>\n<p style=\"margin-bottom: -3px\"><b>Mat\u00e9riaux :<\/b> M\u00e9tal<\/p>\n<p style=\"margin-bottom: -3px\"><b>Verres :<\/b> Verres de pr\u00e9sentations<\/p>\n<p style=\"margin-bottom: -15px\"><b>Fabrication : <\/b>Autriche<\/p>\n<p><\/p>\n<p style=\"margin-bottom: -5px\"><b>Etat : <\/b>Tr\u00e8s bon \u00e9tat<\/p>\n<p><\/p>\n<p style=\"margin-bottom: -5px;font-style: italic\">Toutes nos lunettes passent entre les mains de nos opticiens, qui r\u00e9habilitent et ajustent les montures pour un confort optimal.<\/p>\n<\/div>\n<\/div>\n<\/div>\n<div style=\"border: none;border-bottom: 1px solid #d3d3d3\" class=\"card\">\n<button data-target=\"#collapseTwo\" data-toggle=\"collapse\" class=\"card-header collapsed card-link\" style=\"color: black;background-color: initial;box-shadow: none;font-size: 20px;text-transform: uppercase;border: none\"> <b style=\"font-family: Oswald;font-size: 15px;font-style: normal;font-variant: normal;font-weight: 400;line-height: 18.2px;text-align: justify;color: #766456;letter-spacing: 1px\" class=\"header-title float-left\"> Guide des tailles<\/b> <i style=\"position: absolute;right: 10px;color: #766456\" class=\"fas fa-angle-right float-right\"><\/i> <\/button><\/p>\n<div class=\"collapse\" id=\"collapseTwo\">\n<div class=\"card-body\">\n<img decoding=\"async\" border=\"0\" src=\"https:\/\/cdn.shopify.com\/s\/files\/1\/0602\/6009\/0089\/files\/mesuresLunettesovalesPNG.png?v=1636987570\"> <\/p>\n<p class=\"guide_des_tailles\"><b>A <\/b>\u00a0&#8211; Face : 130 mm <br \/><b>B <\/b>\u00a0&#8211; Pont\/Nez : 25 mm <br \/><b>C <\/b>\u00a0&#8211; Calibre : 45 mm<\/p>\n<\/div>\n<\/div>\n<\/div>\n<div style=\"border: none;border-bottom: 1px solid #d3d3d3\" class=\"card\">\n<button data-target=\"#collapseThree\" data-toggle=\"collapse\" class=\"card-header collapsed card-link\" style=\"color: black;background-color: initial;box-shadow: none;font-size: 20px;text-transform: uppercase;border: none\"> <b style=\"font-family: Oswald;font-size: 15px;font-style: normal;font-variant: normal;font-weight: 400;line-height: 18.2px;text-align: justify;color: #766456;letter-spacing: 1px\" class=\"header-title float-left\"> Entretien <\/b> <i style=\"position: absolute;right: 10px;color: #766456\" class=\"fas fa-angle-right float-right\"><\/i> <\/button><\/p>\n<div class=\"collapse\" id=\"collapseThree\">\n<div class=\"card-body\">\n<p class=\"entretiens\">&#8211; Nettoyez vos lunettes avec de l&#8217;eau froide (jamais chaude) et du savon liquide et essuyez les avec une microfibre.<\/p>\n<p class=\"entretiens\">&#8211; Rangez vos lunettes dans leur \u00e9tui et ne jamais les poser sur les verres.<\/p>\n<p class=\"derniers_entretiens\">&#8211; Ne laissez jamais vos lunettes pr\u00e8s d&#8217;une source de chaleur<\/p>\n<\/div>\n<\/div>\n<\/div>\n<\/div>\n<p style=\"font-style: italic;margin-top: 10px\">Chaque paire est livr\u00e9e dans un \u00e9tui Seconde Vue\u00a0<\/p>\n","protected":false},"excerpt":{"rendered":"<p>D\u00e9couvrez les lunettes vintage Silhouette, une monture carr\u00e9e embl\u00e9matique des ann\u00e9es 80. Alliant style r\u00e9tro et \u00e9l\u00e9gance intemporelle, elles peuvent \u00eatre adapt\u00e9es \u00e0 votre vue sur mesure en boutique ou \u00e9quip\u00e9es de verres solaires pour une protection optimale. Apportez une touche unique et authentique \u00e0 votre look avec ce mod\u00e8le rare et iconique. Description d\u00e9taill\u00e9e [&hellip;]<\/p>\n","protected":false},"featured_media":2610871,"comment_status":"open","ping_status":"closed","template":"","meta":[],"product_brand":[],"product_cat":[1756,1764,1760],"product_tag":[2122],"acf":[],"_links":{"self":[{"href":"https:\/\/streetmarkets.fr\/app\/wp-json\/wp\/v2\/product\/2610870"}],"collection":[{"href":"https:\/\/streetmarkets.fr\/app\/wp-json\/wp\/v2\/product"}],"about":[{"href":"https:\/\/streetmarkets.fr\/app\/wp-json\/wp\/v2\/types\/product"}],"replies":[{"embeddable":true,"href":"https:\/\/streetmarkets.fr\/app\/wp-json\/wp\/v2\/comments?post=2610870"}],"wp:featuredmedia":[{"embeddable":true,"href":"https:\/\/streetmarkets.fr\/app\/wp-json\/wp\/v2\/media\/2610871"}],"wp:attachment":[{"href":"https:\/\/streetmarkets.fr\/app\/wp-json\/wp\/v2\/media?parent=2610870"}],"wp:term":[{"taxonomy":"product_brand","embeddable":true,"href":"https:\/\/streetmarkets.fr\/app\/wp-json\/wp\/v2\/product_brand?post=2610870"},{"taxonomy":"product_cat","embeddable":true,"href":"https:\/\/streetmarkets.fr\/app\/wp-json\/wp\/v2\/product_cat?post=2610870"},{"taxonomy":"product_tag","embeddable":true,"href":"https:\/\/streetmarkets.fr\/app\/wp-json\/wp\/v2\/product_tag?post=2610870"}],"curies":[{"name":"wp","href":"https:\/\/api.w.org\/{rel}","templated":true}]}}