{"id":2610786,"date":"2025-09-08T03:34:19","date_gmt":"2025-09-08T01:34:19","guid":{"rendered":"https:\/\/streetmarkets.fr\/app\/produit\/patrick-kelly-pop-corn\/"},"modified":"2026-05-07T03:33:35","modified_gmt":"2026-05-07T01:33:35","slug":"patrick-kelly-pop-corn","status":"publish","type":"product","link":"https:\/\/streetmarkets.fr\/app\/produit\/patrick-kelly-pop-corn\/","title":{"rendered":"Patrick Kelly &#8211; POP CORN"},"content":{"rendered":"<\/p>\n<p class=\"description_avant_accordeon\"><span>D\u00e9couvrez les lunettes vintage Patrick Kelly &#8211; POP CORN, un embl\u00e8me des ann\u00e9es 1980 fabriqu\u00e9 en France. Leur monture unique, agr\u00e9ment\u00e9e de boutons color\u00e9s sur les branches, apporte une touche audacieuse et originale \u00e0 votre style. Alliant authenticit\u00e9 et design r\u00e9tro, elles sont parfaites pour ceux qui souhaitent se d\u00e9marquer avec \u00e9l\u00e9gance et personnalit\u00e9. Adoptez un accessoire intemporel qui raconte une histoire tout en valorisant votre allure au quotidien.<\/span><\/p>\n<div id=\"accordion\">\n<div style=\"border-top: 1px solid #d3d3d3;border-left: none;border-right: none;border-bottom: 1px solid #d3d3d3\" class=\"card\">\n<button data-target=\"#collapseOne\" data-toggle=\"collapse\" class=\"card-header collapsed card-link\" style=\"color: black;background-color: initial;box-shadow: none;font-size: 20px;text-transform: uppercase;border: none\"> <b style=\"font-family: Oswald;font-size: 15px;font-style: normal;font-variant: normal;font-weight: 400;line-height: 18.2px;text-align: justify;color: #766456;letter-spacing: 1px\" class=\"header-title float-left\"> Description d\u00e9taill\u00e9e <\/b> <i style=\"position: absolute;right: 10px;color: #766456\" class=\"fas fa-angle-right float-right\"><\/i> <\/button><\/p>\n<div class=\"collapse\" id=\"collapseOne\">\n<div class=\"card-body\">\n<p style=\"margin-bottom: -3px\">\u00a0<\/p>\n<p style=\"margin-bottom: -3px\"><b>Marque :\u00a0<\/b>Patrick Kelly<\/p>\n<p style=\"margin-bottom: -3px\"><b>Ann\u00e9e :\u00a0<\/b>1980<\/p>\n<p style=\"margin-bottom: -3px\"><b>Forme : <\/b>Rond<\/p>\n<p style=\"margin-bottom: -3px\"><b>Couleur :<\/b> Noir<\/p>\n<p style=\"margin-bottom: -3px\"><b>Mat\u00e9riaux :<\/b> Ac\u00e9tate de cellulose<\/p>\n<p style=\"margin-bottom: -3px\"><b>Verres :<\/b> Noir<\/p>\n<p style=\"margin-bottom: -15px\"><b>Fabrication :\u00a0<\/b>France<\/p>\n<p><\/p>\n<p style=\"margin-bottom: -5px\"><b>Etat : <\/b> Neuf, jamais port\u00e9<\/p>\n<p><\/p>\n<p style=\"margin-bottom: -5px;font-style: italic\">Toutes nos lunettes passent entre les mains de nos opticiens, qui r\u00e9habilitent et ajustent les montures pour un confort optimal.<\/p>\n<\/div>\n<\/div>\n<\/div>\n<div style=\"border: none;border-bottom: 1px solid #d3d3d3\" class=\"card\">\n<button data-target=\"#collapseTwo\" data-toggle=\"collapse\" class=\"card-header collapsed card-link\" style=\"color: black;background-color: initial;box-shadow: none;font-size: 20px;text-transform: uppercase;border: none\"> <b style=\"font-family: Oswald;font-size: 15px;font-style: normal;font-variant: normal;font-weight: 400;line-height: 18.2px;text-align: justify;color: #766456;letter-spacing: 1px\" class=\"header-title float-left\"> Guide des tailles<\/b> <i style=\"position: absolute;right: 10px;color: #766456\" class=\"fas fa-angle-right float-right\"><\/i> <\/button><\/p>\n<div class=\"collapse\" id=\"collapseTwo\">\n<div class=\"card-body\">\n<img decoding=\"async\" border=\"0\" src=\"https:\/\/cdn.shopify.com\/s\/files\/1\/0602\/6009\/0089\/files\/mesurerectanglePNG.png?v=1636987570\"> <\/p>\n<p class=\"guide_des_tailles\"><b>A <\/b> &#8211; Face : 135 mm <br \/><b>B <\/b> &#8211; Pont\/Nez : 15 mm <br \/><b>C <\/b> &#8211; Calibre : 45 mm<\/p>\n<p class=\"guide_des_tailles\">\u00a0<\/p>\n<\/div>\n<\/div>\n<\/div>\n<div style=\"border: none;border-bottom: 1px solid #d3d3d3\" class=\"card\">\n<button data-target=\"#collapseThree\" data-toggle=\"collapse\" class=\"card-header collapsed card-link\" style=\"color: black;background-color: initial;box-shadow: none;font-size: 20px;text-transform: uppercase;border: none\"> <b style=\"font-family: Oswald;font-size: 15px;font-style: normal;font-variant: normal;font-weight: 400;line-height: 18.2px;text-align: justify;color: #766456;letter-spacing: 1px\" class=\"header-title float-left\"> Entretien <\/b> <i style=\"position: absolute;right: 10px;color: #766456\" class=\"fas fa-angle-right float-right\"><\/i> <\/button><\/p>\n<div class=\"collapse\" id=\"collapseThree\">\n<div class=\"card-body\">\n<p class=\"entretiens\">&#8211; Nettoyez vos lunettes avec de l&#8217;eau froide (jamais chaude) et du savon liquide et essuyez les avec une microfibre.<br \/>&#8211; Rangez vos lunettes dans leur \u00e9tui et ne jamais les poser sur les verres.<\/p>\n<p class=\"derniers_entretiens\">&#8211; Ne laissez jamais vos lunettes pr\u00e8s d&#8217;une source de chaleur<\/p>\n<\/div>\n<\/div>\n<\/div>\n<\/div>\n<p style=\"font-style: italic;margin-top: 10px\">Chaque paire est livr\u00e9e dans un \u00e9tui ou une pochette fabriqu\u00e9e en France \u00e0 partir de tissus vintage.<br \/>\n\t\t\t\t$(&#8216;.card-header&#8217;).click(function() {<br \/>\n\t\t\t\t\t$(this).find(&#8216;i&#8217;).toggleClass(&#8216;fas fa-angle-right fas fa-angle-down&#8217;);<br \/>\n\t\t\t\t});\n\t\t\t<\/p>\n","protected":false},"excerpt":{"rendered":"<p>D\u00e9couvrez les lunettes vintage Patrick Kelly &#8211; POP CORN, un embl\u00e8me des ann\u00e9es 1980 fabriqu\u00e9 en France. Leur monture unique, agr\u00e9ment\u00e9e de boutons color\u00e9s sur les branches, apporte une touche audacieuse et originale \u00e0 votre style. Alliant authenticit\u00e9 et design r\u00e9tro, elles sont parfaites pour ceux qui souhaitent se d\u00e9marquer avec \u00e9l\u00e9gance et personnalit\u00e9. Adoptez [&hellip;]<\/p>\n","protected":false},"featured_media":2610787,"comment_status":"open","ping_status":"closed","template":"","meta":[],"product_brand":[],"product_cat":[1756,1760],"product_tag":[2122],"acf":[],"_links":{"self":[{"href":"https:\/\/streetmarkets.fr\/app\/wp-json\/wp\/v2\/product\/2610786"}],"collection":[{"href":"https:\/\/streetmarkets.fr\/app\/wp-json\/wp\/v2\/product"}],"about":[{"href":"https:\/\/streetmarkets.fr\/app\/wp-json\/wp\/v2\/types\/product"}],"replies":[{"embeddable":true,"href":"https:\/\/streetmarkets.fr\/app\/wp-json\/wp\/v2\/comments?post=2610786"}],"wp:featuredmedia":[{"embeddable":true,"href":"https:\/\/streetmarkets.fr\/app\/wp-json\/wp\/v2\/media\/2610787"}],"wp:attachment":[{"href":"https:\/\/streetmarkets.fr\/app\/wp-json\/wp\/v2\/media?parent=2610786"}],"wp:term":[{"taxonomy":"product_brand","embeddable":true,"href":"https:\/\/streetmarkets.fr\/app\/wp-json\/wp\/v2\/product_brand?post=2610786"},{"taxonomy":"product_cat","embeddable":true,"href":"https:\/\/streetmarkets.fr\/app\/wp-json\/wp\/v2\/product_cat?post=2610786"},{"taxonomy":"product_tag","embeddable":true,"href":"https:\/\/streetmarkets.fr\/app\/wp-json\/wp\/v2\/product_tag?post=2610786"}],"curies":[{"name":"wp","href":"https:\/\/api.w.org\/{rel}","templated":true}]}}