{"id":2605097,"date":"2025-09-08T00:58:26","date_gmt":"2025-09-07T22:58:26","guid":{"rendered":"https:\/\/streetmarkets.fr\/app\/produit\/jupe-victoria\/"},"modified":"2026-04-08T00:55:59","modified_gmt":"2026-04-07T22:55:59","slug":"jupe-victoria","status":"publish","type":"product","link":"https:\/\/streetmarkets.fr\/app\/produit\/jupe-victoria\/","title":{"rendered":"Jupe Victoria"},"content":{"rendered":"<p>Con\u00e7ue pour sublimer la silhouette, la jupe Victoria est un essentiel de la garde-robe. Cette jupe crayon \u00e0 taille haute, fabriqu\u00e9e avec soin \u00e0 Troyes en France, sculpte \u00e9l\u00e9gamment la taille et les hanches gr\u00e2ce \u00e0 son tissu ottoman c\u00f4tel\u00e9 doux et gainant. Sa fente \u00e0 l\u2019arri\u00e8re ajoute une touche sensuelle et raffin\u00e9e, tout en permettant une grande aisance de mouvement. Que ce soit pour une journ\u00e9e de travail ou une soir\u00e9e chic, vous ne vous en lasserez plus !<\/p>\n<p>D\u00c9TAILS<\/p>\n<ul>\n<li>100% fabriqu\u00e9e en France, \u00e0 Troyes<\/li>\n<li>Jupe crayon taille haute<\/li>\n<li>Fente \u00e0 l&#8217;arri\u00e8re<\/li>\n<li>Mati\u00e8re : Ottoman c\u00f4tel\u00e9 doux et gainant (73% viscose, 23% polyamide, 4% \u00e9lasthanne)<\/li>\n<\/ul>\n<p>LE CONSEIL D&#8217;ASTRID<\/p>\n<p>Pour un look sophistiqu\u00e9 et \u00e9l\u00e9gant, portez la Jupe Victoria avec un body de la marque et des talons.<\/p>\n<p>CONSEIL D&#8217;ENTRETIEN<\/p>\n<ul>\n<li>Lavage \u00e0 30\u00b0C avec un essorage moyen, de pr\u00e9f\u00e9rence dans un filet de lavage<\/li>\n<li>S\u00e9chage \u00e0 l\u2019air libre recommand\u00e9<\/li>\n<\/ul>\n<p>LA MARQUE<\/p>\n<p>&#8211; Des v\u00eatements 100% made in France &#8211;<\/p>\n<p>Flair est une marque fran\u00e7aise sp\u00e9cialis\u00e9e dans les bodys. Fabriqu\u00e9s \u00e0 Troyes, les bodys allient confort, f\u00e9minit\u00e9 et qualit\u00e9. Cr\u00e9\u00e9e par Cl\u00e9mence en 2017, la cr\u00e9atrice est une v\u00e9ritable body-addict et a souhait\u00e9 au travers de ses cr\u00e9ations, proposer des pi\u00e8ces intemporelles, uniques et originales.\u00a0<\/p>\n","protected":false},"excerpt":{"rendered":"<p>Con\u00e7ue pour sublimer la silhouette, la jupe Victoria est un essentiel de la garde-robe. Cette jupe crayon \u00e0 taille haute, fabriqu\u00e9e avec soin \u00e0 Troyes en France, sculpte \u00e9l\u00e9gamment la taille et les hanches gr\u00e2ce \u00e0 son tissu ottoman c\u00f4tel\u00e9 doux et gainant. Sa fente \u00e0 l\u2019arri\u00e8re ajoute une touche sensuelle et raffin\u00e9e, tout en [&hellip;]<\/p>\n","protected":false},"featured_media":2605098,"comment_status":"open","ping_status":"closed","template":"","meta":[],"product_brand":[],"product_cat":[1756,1762],"product_tag":[1813],"acf":[],"_links":{"self":[{"href":"https:\/\/streetmarkets.fr\/app\/wp-json\/wp\/v2\/product\/2605097"}],"collection":[{"href":"https:\/\/streetmarkets.fr\/app\/wp-json\/wp\/v2\/product"}],"about":[{"href":"https:\/\/streetmarkets.fr\/app\/wp-json\/wp\/v2\/types\/product"}],"replies":[{"embeddable":true,"href":"https:\/\/streetmarkets.fr\/app\/wp-json\/wp\/v2\/comments?post=2605097"}],"wp:featuredmedia":[{"embeddable":true,"href":"https:\/\/streetmarkets.fr\/app\/wp-json\/wp\/v2\/media\/2605098"}],"wp:attachment":[{"href":"https:\/\/streetmarkets.fr\/app\/wp-json\/wp\/v2\/media?parent=2605097"}],"wp:term":[{"taxonomy":"product_brand","embeddable":true,"href":"https:\/\/streetmarkets.fr\/app\/wp-json\/wp\/v2\/product_brand?post=2605097"},{"taxonomy":"product_cat","embeddable":true,"href":"https:\/\/streetmarkets.fr\/app\/wp-json\/wp\/v2\/product_cat?post=2605097"},{"taxonomy":"product_tag","embeddable":true,"href":"https:\/\/streetmarkets.fr\/app\/wp-json\/wp\/v2\/product_tag?post=2605097"}],"curies":[{"name":"wp","href":"https:\/\/api.w.org\/{rel}","templated":true}]}}