{"id":2604939,"date":"2025-09-07T01:32:09","date_gmt":"2025-09-06T23:32:09","guid":{"rendered":"https:\/\/streetmarkets.fr\/app\/produit\/bask-in-the-sun-tshirt-to-the-sea\/"},"modified":"2025-12-14T00:29:47","modified_gmt":"2025-12-13T23:29:47","slug":"bask-in-the-sun-tshirt-to-the-sea","status":"publish","type":"product","link":"https:\/\/streetmarkets.fr\/app\/produit\/bask-in-the-sun-tshirt-to-the-sea\/","title":{"rendered":"Bask in The Sun &#8211; Tshirt To the Sea"},"content":{"rendered":"<p>Tshirt noir chin\u00e9 l\u00e9g\u00e8rement textur\u00e9 brod\u00e9 100% Coton Organique<\/p>\n","protected":false},"excerpt":{"rendered":"<p>Tshirt noir chin\u00e9 l\u00e9g\u00e8rement textur\u00e9 brod\u00e9 100% Coton Organique<\/p>\n","protected":false},"featured_media":2604940,"comment_status":"open","ping_status":"closed","template":"","meta":[],"product_brand":[],"product_cat":[1756,1758],"product_tag":[1810],"acf":[],"_links":{"self":[{"href":"https:\/\/streetmarkets.fr\/app\/wp-json\/wp\/v2\/product\/2604939"}],"collection":[{"href":"https:\/\/streetmarkets.fr\/app\/wp-json\/wp\/v2\/product"}],"about":[{"href":"https:\/\/streetmarkets.fr\/app\/wp-json\/wp\/v2\/types\/product"}],"replies":[{"embeddable":true,"href":"https:\/\/streetmarkets.fr\/app\/wp-json\/wp\/v2\/comments?post=2604939"}],"wp:featuredmedia":[{"embeddable":true,"href":"https:\/\/streetmarkets.fr\/app\/wp-json\/wp\/v2\/media\/2604940"}],"wp:attachment":[{"href":"https:\/\/streetmarkets.fr\/app\/wp-json\/wp\/v2\/media?parent=2604939"}],"wp:term":[{"taxonomy":"product_brand","embeddable":true,"href":"https:\/\/streetmarkets.fr\/app\/wp-json\/wp\/v2\/product_brand?post=2604939"},{"taxonomy":"product_cat","embeddable":true,"href":"https:\/\/streetmarkets.fr\/app\/wp-json\/wp\/v2\/product_cat?post=2604939"},{"taxonomy":"product_tag","embeddable":true,"href":"https:\/\/streetmarkets.fr\/app\/wp-json\/wp\/v2\/product_tag?post=2604939"}],"curies":[{"name":"wp","href":"https:\/\/api.w.org\/{rel}","templated":true}]}}