{"id":2604930,"date":"2025-09-07T01:32:07","date_gmt":"2025-09-06T23:32:07","guid":{"rendered":"https:\/\/streetmarkets.fr\/app\/produit\/bask-in-the-sun-tshirt-sorry-were-closed\/"},"modified":"2025-12-14T00:29:46","modified_gmt":"2025-12-13T23:29:46","slug":"bask-in-the-sun-tshirt-sorry-were-closed","status":"publish","type":"product","link":"https:\/\/streetmarkets.fr\/app\/produit\/bask-in-the-sun-tshirt-sorry-were-closed\/","title":{"rendered":"Bask in The Sun &#8211; Tshirt Sorry We&#8217;re Closed"},"content":{"rendered":"<p>Tshirt cr\u00e8me imprim\u00e9 \u00e0 l&#8217;avant et \u00e0 l&#8217;arri\u00e8re 100% Coton Organique<\/p>\n","protected":false},"excerpt":{"rendered":"<p>Tshirt cr\u00e8me imprim\u00e9 \u00e0 l&#8217;avant et \u00e0 l&#8217;arri\u00e8re 100% Coton Organique<\/p>\n","protected":false},"featured_media":2604931,"comment_status":"open","ping_status":"closed","template":"","meta":[],"product_brand":[],"product_cat":[1756,1758],"product_tag":[1810],"acf":[],"_links":{"self":[{"href":"https:\/\/streetmarkets.fr\/app\/wp-json\/wp\/v2\/product\/2604930"}],"collection":[{"href":"https:\/\/streetmarkets.fr\/app\/wp-json\/wp\/v2\/product"}],"about":[{"href":"https:\/\/streetmarkets.fr\/app\/wp-json\/wp\/v2\/types\/product"}],"replies":[{"embeddable":true,"href":"https:\/\/streetmarkets.fr\/app\/wp-json\/wp\/v2\/comments?post=2604930"}],"wp:featuredmedia":[{"embeddable":true,"href":"https:\/\/streetmarkets.fr\/app\/wp-json\/wp\/v2\/media\/2604931"}],"wp:attachment":[{"href":"https:\/\/streetmarkets.fr\/app\/wp-json\/wp\/v2\/media?parent=2604930"}],"wp:term":[{"taxonomy":"product_brand","embeddable":true,"href":"https:\/\/streetmarkets.fr\/app\/wp-json\/wp\/v2\/product_brand?post=2604930"},{"taxonomy":"product_cat","embeddable":true,"href":"https:\/\/streetmarkets.fr\/app\/wp-json\/wp\/v2\/product_cat?post=2604930"},{"taxonomy":"product_tag","embeddable":true,"href":"https:\/\/streetmarkets.fr\/app\/wp-json\/wp\/v2\/product_tag?post=2604930"}],"curies":[{"name":"wp","href":"https:\/\/api.w.org\/{rel}","templated":true}]}}