{"id":2604837,"date":"2025-09-07T01:31:49","date_gmt":"2025-09-06T23:31:49","guid":{"rendered":"https:\/\/streetmarkets.fr\/app\/produit\/bask-in-the-sun-pantalon-izaro-eucalyptus\/"},"modified":"2025-12-14T00:29:20","modified_gmt":"2025-12-13T23:29:20","slug":"bask-in-the-sun-pantalon-izaro-eucalyptus","status":"publish","type":"product","link":"https:\/\/streetmarkets.fr\/app\/produit\/bask-in-the-sun-pantalon-izaro-eucalyptus\/","title":{"rendered":"Bask in The Sun &#8211; Pantalon Izaro Eucalyptus"},"content":{"rendered":"<p>Coupe ample avec une ouverture de jambe g\u00e9n\u00e9reuse<br \/>\nTwill de coton biologique<br \/>\nUne poche gousset avec un rabat boutonn\u00e9<br \/>\nUn ourlet en bas de jambe<\/p>\n<p>100% Coton Organique<\/p>\n","protected":false},"excerpt":{"rendered":"<p>Coupe ample avec une ouverture de jambe g\u00e9n\u00e9reuse Twill de coton biologique Une poche gousset avec un rabat boutonn\u00e9 Un ourlet en bas de jambe 100% Coton Organique<\/p>\n","protected":false},"featured_media":2604838,"comment_status":"open","ping_status":"closed","template":"","meta":[],"product_brand":[],"product_cat":[1756,1758],"product_tag":[1810],"acf":[],"_links":{"self":[{"href":"https:\/\/streetmarkets.fr\/app\/wp-json\/wp\/v2\/product\/2604837"}],"collection":[{"href":"https:\/\/streetmarkets.fr\/app\/wp-json\/wp\/v2\/product"}],"about":[{"href":"https:\/\/streetmarkets.fr\/app\/wp-json\/wp\/v2\/types\/product"}],"replies":[{"embeddable":true,"href":"https:\/\/streetmarkets.fr\/app\/wp-json\/wp\/v2\/comments?post=2604837"}],"wp:featuredmedia":[{"embeddable":true,"href":"https:\/\/streetmarkets.fr\/app\/wp-json\/wp\/v2\/media\/2604838"}],"wp:attachment":[{"href":"https:\/\/streetmarkets.fr\/app\/wp-json\/wp\/v2\/media?parent=2604837"}],"wp:term":[{"taxonomy":"product_brand","embeddable":true,"href":"https:\/\/streetmarkets.fr\/app\/wp-json\/wp\/v2\/product_brand?post=2604837"},{"taxonomy":"product_cat","embeddable":true,"href":"https:\/\/streetmarkets.fr\/app\/wp-json\/wp\/v2\/product_cat?post=2604837"},{"taxonomy":"product_tag","embeddable":true,"href":"https:\/\/streetmarkets.fr\/app\/wp-json\/wp\/v2\/product_tag?post=2604837"}],"curies":[{"name":"wp","href":"https:\/\/api.w.org\/{rel}","templated":true}]}}