{"id":2600105,"date":"2025-09-06T02:09:47","date_gmt":"2025-09-06T00:09:47","guid":{"rendered":"https:\/\/streetmarkets.fr\/app\/produit\/nouveau-mother-jean-the-hustler-roller-ankle-fray-call-it-a-night\/"},"modified":"2026-05-06T01:59:35","modified_gmt":"2026-05-05T23:59:35","slug":"nouveau-mother-jean-the-hustler-roller-ankle-fray-call-it-a-night","status":"publish","type":"product","link":"https:\/\/streetmarkets.fr\/app\/produit\/nouveau-mother-jean-the-hustler-roller-ankle-fray-call-it-a-night\/","title":{"rendered":"MOTHER Jean The Hustler Roller Ankle Fray Call It A Night -50%"},"content":{"rendered":"<p data-rte-preserve-empty=\"true\">Le jean Hustler Roller Ankle Fray dans le wash Call It A Night, taille semi haute, bootcut flare, un peu boyish, longueur 7\/8\u00e8me, bords francs, coupe hyper confort, et coton tout doux. <\/p>\n<p data-rte-preserve-empty=\"true\">D\u00e9tail : 78% coton, 16% modal, 4% polyesthere, 2% elasthanne<\/p>\n<p data-rte-preserve-empty=\"true\">Fabriqu\u00e9 \u00e0 Los Angeles<\/p>\n","protected":false},"excerpt":{"rendered":"<p>Le jean Hustler Roller Ankle Fray dans le wash Call It A Night, taille semi haute, bootcut flare, un peu boyish, longueur 7\/8\u00e8me, bords francs, coupe hyper confort, et coton tout doux. D\u00e9tail : 78% coton, 16% modal, 4% polyesthere, 2% elasthanne Fabriqu\u00e9 \u00e0 Los Angeles<\/p>\n","protected":false},"featured_media":2600106,"comment_status":"open","ping_status":"closed","template":"","meta":[],"product_brand":[],"product_cat":[1756,1762],"product_tag":[2244],"acf":[],"_links":{"self":[{"href":"https:\/\/streetmarkets.fr\/app\/wp-json\/wp\/v2\/product\/2600105"}],"collection":[{"href":"https:\/\/streetmarkets.fr\/app\/wp-json\/wp\/v2\/product"}],"about":[{"href":"https:\/\/streetmarkets.fr\/app\/wp-json\/wp\/v2\/types\/product"}],"replies":[{"embeddable":true,"href":"https:\/\/streetmarkets.fr\/app\/wp-json\/wp\/v2\/comments?post=2600105"}],"wp:featuredmedia":[{"embeddable":true,"href":"https:\/\/streetmarkets.fr\/app\/wp-json\/wp\/v2\/media\/2600106"}],"wp:attachment":[{"href":"https:\/\/streetmarkets.fr\/app\/wp-json\/wp\/v2\/media?parent=2600105"}],"wp:term":[{"taxonomy":"product_brand","embeddable":true,"href":"https:\/\/streetmarkets.fr\/app\/wp-json\/wp\/v2\/product_brand?post=2600105"},{"taxonomy":"product_cat","embeddable":true,"href":"https:\/\/streetmarkets.fr\/app\/wp-json\/wp\/v2\/product_cat?post=2600105"},{"taxonomy":"product_tag","embeddable":true,"href":"https:\/\/streetmarkets.fr\/app\/wp-json\/wp\/v2\/product_tag?post=2600105"}],"curies":[{"name":"wp","href":"https:\/\/api.w.org\/{rel}","templated":true}]}}