{"id":2600086,"date":"2025-09-06T02:09:28","date_gmt":"2025-09-06T00:09:28","guid":{"rendered":"https:\/\/streetmarkets.fr\/app\/produit\/nouveau-xirena-top-lucas-grey-smoke-precommande\/"},"modified":"2026-05-11T02:03:36","modified_gmt":"2026-05-11T00:03:36","slug":"nouveau-xirena-top-lucas-grey-smoke-precommande","status":"publish","type":"product","link":"https:\/\/streetmarkets.fr\/app\/produit\/nouveau-xirena-top-lucas-grey-smoke-precommande\/","title":{"rendered":"Nouveau ! XIRENA Top Lucas Grey Smoke"},"content":{"rendered":"<p data-rte-preserve-empty=\"true\">Top en coton coupe ample et droite, encolure arrondie et boutonn\u00e9e, manches longues et poignets resserr\u00e9s. Tout doux et confortable.<\/p>\n<p data-rte-preserve-empty=\"true\">D\u00e9tail : 48,5% coton, 48,5% modal, 3% spandex<\/p>\n","protected":false},"excerpt":{"rendered":"<p>Top en coton coupe ample et droite, encolure arrondie et boutonn\u00e9e, manches longues et poignets resserr\u00e9s. Tout doux et confortable. D\u00e9tail : 48,5% coton, 48,5% modal, 3% spandex<\/p>\n","protected":false},"featured_media":2600087,"comment_status":"open","ping_status":"closed","template":"","meta":[],"product_brand":[],"product_cat":[1756,1762],"product_tag":[2244],"acf":[],"_links":{"self":[{"href":"https:\/\/streetmarkets.fr\/app\/wp-json\/wp\/v2\/product\/2600086"}],"collection":[{"href":"https:\/\/streetmarkets.fr\/app\/wp-json\/wp\/v2\/product"}],"about":[{"href":"https:\/\/streetmarkets.fr\/app\/wp-json\/wp\/v2\/types\/product"}],"replies":[{"embeddable":true,"href":"https:\/\/streetmarkets.fr\/app\/wp-json\/wp\/v2\/comments?post=2600086"}],"wp:featuredmedia":[{"embeddable":true,"href":"https:\/\/streetmarkets.fr\/app\/wp-json\/wp\/v2\/media\/2600087"}],"wp:attachment":[{"href":"https:\/\/streetmarkets.fr\/app\/wp-json\/wp\/v2\/media?parent=2600086"}],"wp:term":[{"taxonomy":"product_brand","embeddable":true,"href":"https:\/\/streetmarkets.fr\/app\/wp-json\/wp\/v2\/product_brand?post=2600086"},{"taxonomy":"product_cat","embeddable":true,"href":"https:\/\/streetmarkets.fr\/app\/wp-json\/wp\/v2\/product_cat?post=2600086"},{"taxonomy":"product_tag","embeddable":true,"href":"https:\/\/streetmarkets.fr\/app\/wp-json\/wp\/v2\/product_tag?post=2600086"}],"curies":[{"name":"wp","href":"https:\/\/api.w.org\/{rel}","templated":true}]}}