{"id":2600071,"date":"2025-09-06T02:09:26","date_gmt":"2025-09-06T00:09:26","guid":{"rendered":"https:\/\/streetmarkets.fr\/app\/produit\/nouveau-xirena-blouse-kayde-parchment-precommande\/"},"modified":"2026-05-06T02:03:26","modified_gmt":"2026-05-06T00:03:26","slug":"nouveau-xirena-blouse-kayde-parchment-precommande","status":"publish","type":"product","link":"https:\/\/streetmarkets.fr\/app\/produit\/nouveau-xirena-blouse-kayde-parchment-precommande\/","title":{"rendered":"Nouveau ! XIRENA Blouse Kayde Parchment"},"content":{"rendered":"<p data-rte-preserve-empty=\"true\">Blouse en coton coupe ample et droite, manches longues et poignets boutonn\u00e9s, d\u00e9tail volant pliss\u00e9 sur le devant. <\/p>\n<p data-rte-preserve-empty=\"true\">Sur la photo la blouse est port\u00e9 avec le gilet en cachemire Ramona Spice.<\/p>\n<p data-rte-preserve-empty=\"true\">D\u00e9tail : 100% coton<\/p>\n","protected":false},"excerpt":{"rendered":"<p>Blouse en coton coupe ample et droite, manches longues et poignets boutonn\u00e9s, d\u00e9tail volant pliss\u00e9 sur le devant. Sur la photo la blouse est port\u00e9 avec le gilet en cachemire Ramona Spice. D\u00e9tail : 100% coton<\/p>\n","protected":false},"featured_media":2600072,"comment_status":"open","ping_status":"closed","template":"","meta":[],"product_brand":[],"product_cat":[1756,1762],"product_tag":[2244],"acf":[],"_links":{"self":[{"href":"https:\/\/streetmarkets.fr\/app\/wp-json\/wp\/v2\/product\/2600071"}],"collection":[{"href":"https:\/\/streetmarkets.fr\/app\/wp-json\/wp\/v2\/product"}],"about":[{"href":"https:\/\/streetmarkets.fr\/app\/wp-json\/wp\/v2\/types\/product"}],"replies":[{"embeddable":true,"href":"https:\/\/streetmarkets.fr\/app\/wp-json\/wp\/v2\/comments?post=2600071"}],"wp:featuredmedia":[{"embeddable":true,"href":"https:\/\/streetmarkets.fr\/app\/wp-json\/wp\/v2\/media\/2600072"}],"wp:attachment":[{"href":"https:\/\/streetmarkets.fr\/app\/wp-json\/wp\/v2\/media?parent=2600071"}],"wp:term":[{"taxonomy":"product_brand","embeddable":true,"href":"https:\/\/streetmarkets.fr\/app\/wp-json\/wp\/v2\/product_brand?post=2600071"},{"taxonomy":"product_cat","embeddable":true,"href":"https:\/\/streetmarkets.fr\/app\/wp-json\/wp\/v2\/product_cat?post=2600071"},{"taxonomy":"product_tag","embeddable":true,"href":"https:\/\/streetmarkets.fr\/app\/wp-json\/wp\/v2\/product_tag?post=2600071"}],"curies":[{"name":"wp","href":"https:\/\/api.w.org\/{rel}","templated":true}]}}