{"id":2600051,"date":"2025-09-06T02:09:23","date_gmt":"2025-09-06T00:09:23","guid":{"rendered":"https:\/\/streetmarkets.fr\/app\/produit\/nouveau-xirena-pull-valentin-vanille-precommande\/"},"modified":"2026-03-14T01:03:31","modified_gmt":"2026-03-14T00:03:31","slug":"nouveau-xirena-pull-valentin-vanille-precommande","status":"publish","type":"product","link":"https:\/\/streetmarkets.fr\/app\/produit\/nouveau-xirena-pull-valentin-vanille-precommande\/","title":{"rendered":"Nouveau ! XIRENA Pull Valentin Vanille"},"content":{"rendered":"<p data-rte-preserve-empty=\"true\">Pull en laine coupe ample, encolure arrondie, manches longues et poignets resserr\u00e9s, emmanchure large, d\u00e9tail broderie Coeur sur le devant.<\/p>\n<p data-rte-preserve-empty=\"true\">D\u00e9tail : 55% alpaga, 24% polyamide, 21% laine<\/p>\n","protected":false},"excerpt":{"rendered":"<p>Pull en laine coupe ample, encolure arrondie, manches longues et poignets resserr\u00e9s, emmanchure large, d\u00e9tail broderie Coeur sur le devant. D\u00e9tail : 55% alpaga, 24% polyamide, 21% laine<\/p>\n","protected":false},"featured_media":2600052,"comment_status":"open","ping_status":"closed","template":"","meta":[],"product_brand":[],"product_cat":[1756,1762],"product_tag":[2244],"acf":[],"_links":{"self":[{"href":"https:\/\/streetmarkets.fr\/app\/wp-json\/wp\/v2\/product\/2600051"}],"collection":[{"href":"https:\/\/streetmarkets.fr\/app\/wp-json\/wp\/v2\/product"}],"about":[{"href":"https:\/\/streetmarkets.fr\/app\/wp-json\/wp\/v2\/types\/product"}],"replies":[{"embeddable":true,"href":"https:\/\/streetmarkets.fr\/app\/wp-json\/wp\/v2\/comments?post=2600051"}],"wp:featuredmedia":[{"embeddable":true,"href":"https:\/\/streetmarkets.fr\/app\/wp-json\/wp\/v2\/media\/2600052"}],"wp:attachment":[{"href":"https:\/\/streetmarkets.fr\/app\/wp-json\/wp\/v2\/media?parent=2600051"}],"wp:term":[{"taxonomy":"product_brand","embeddable":true,"href":"https:\/\/streetmarkets.fr\/app\/wp-json\/wp\/v2\/product_brand?post=2600051"},{"taxonomy":"product_cat","embeddable":true,"href":"https:\/\/streetmarkets.fr\/app\/wp-json\/wp\/v2\/product_cat?post=2600051"},{"taxonomy":"product_tag","embeddable":true,"href":"https:\/\/streetmarkets.fr\/app\/wp-json\/wp\/v2\/product_tag?post=2600051"}],"curies":[{"name":"wp","href":"https:\/\/api.w.org\/{rel}","templated":true}]}}