{"id":2600045,"date":"2025-09-06T02:04:56","date_gmt":"2025-09-06T00:04:56","guid":{"rendered":"https:\/\/streetmarkets.fr\/app\/produit\/nouveau-dragon-diffusion-sac-santa-croce-big-plum\/"},"modified":"2026-05-02T02:04:13","modified_gmt":"2026-05-02T00:04:13","slug":"nouveau-dragon-diffusion-sac-santa-croce-big-plum","status":"publish","type":"product","link":"https:\/\/streetmarkets.fr\/app\/produit\/nouveau-dragon-diffusion-sac-santa-croce-big-plum\/","title":{"rendered":"Nouveau ! DRAGON DIFFUSION Sac Santa Croce Big Plum"},"content":{"rendered":"<p class=\"\" data-rte-preserve-empty=\"true\">Le sac Santa Croce est tout en cuir tress\u00e9, enti\u00e8rement r\u00e9alis\u00e9 \u00e0 la main, il poss\u00e8de deux anses pour un port\u00e9 main ou \u00e9paule. Une petite m\u00e9daille Saint Christophe est cousue \u00e0 la main \u00e0 l\u2019int\u00e9rieur de chaque sac, gage d\u2019authenticit\u00e9 de la marque. <\/p>\n<p class=\"\" data-rte-preserve-empty=\"true\">Ses dimensions : 44 x 23,1 x 14cm<\/p>\n<p class=\"\" data-rte-preserve-empty=\"true\">D\u00e9tail : 100% cuir de veau, ce produit est une fabrication artisanale et non industriel, il permet la pr\u00e9servation de savoir-faire ancestraux et le respect de tout ceux qui participent \u00e0 sa fabrication, <span>les variations de couleurs entre chaque pi\u00e8ces lui offre ses particularit\u00e9s qui en fond un produit unique et pr\u00e9cieux.<\/span><\/p>\n","protected":false},"excerpt":{"rendered":"<p>Le sac Santa Croce est tout en cuir tress\u00e9, enti\u00e8rement r\u00e9alis\u00e9 \u00e0 la main, il poss\u00e8de deux anses pour un port\u00e9 main ou \u00e9paule. Une petite m\u00e9daille Saint Christophe est cousue \u00e0 la main \u00e0 l\u2019int\u00e9rieur de chaque sac, gage d\u2019authenticit\u00e9 de la marque. Ses dimensions : 44 x 23,1 x 14cm D\u00e9tail : 100% [&hellip;]<\/p>\n","protected":false},"featured_media":2600046,"comment_status":"open","ping_status":"closed","template":"","meta":[],"product_brand":[],"product_cat":[1756,1764],"product_tag":[2244],"acf":[],"_links":{"self":[{"href":"https:\/\/streetmarkets.fr\/app\/wp-json\/wp\/v2\/product\/2600045"}],"collection":[{"href":"https:\/\/streetmarkets.fr\/app\/wp-json\/wp\/v2\/product"}],"about":[{"href":"https:\/\/streetmarkets.fr\/app\/wp-json\/wp\/v2\/types\/product"}],"replies":[{"embeddable":true,"href":"https:\/\/streetmarkets.fr\/app\/wp-json\/wp\/v2\/comments?post=2600045"}],"wp:featuredmedia":[{"embeddable":true,"href":"https:\/\/streetmarkets.fr\/app\/wp-json\/wp\/v2\/media\/2600046"}],"wp:attachment":[{"href":"https:\/\/streetmarkets.fr\/app\/wp-json\/wp\/v2\/media?parent=2600045"}],"wp:term":[{"taxonomy":"product_brand","embeddable":true,"href":"https:\/\/streetmarkets.fr\/app\/wp-json\/wp\/v2\/product_brand?post=2600045"},{"taxonomy":"product_cat","embeddable":true,"href":"https:\/\/streetmarkets.fr\/app\/wp-json\/wp\/v2\/product_cat?post=2600045"},{"taxonomy":"product_tag","embeddable":true,"href":"https:\/\/streetmarkets.fr\/app\/wp-json\/wp\/v2\/product_tag?post=2600045"}],"curies":[{"name":"wp","href":"https:\/\/api.w.org\/{rel}","templated":true}]}}