{"id":2599996,"date":"2025-09-06T02:03:12","date_gmt":"2025-09-06T00:03:12","guid":{"rendered":"https:\/\/streetmarkets.fr\/app\/produit\/short-droit-alpine-h25-femme-dark-blue\/"},"modified":"2026-02-04T00:52:51","modified_gmt":"2026-02-03T23:52:51","slug":"short-droit-alpine-h25-femme-dark-blue","status":"publish","type":"product","link":"https:\/\/streetmarkets.fr\/app\/produit\/short-droit-alpine-h25-femme-dark-blue\/","title":{"rendered":"Short Droit Alpine (H25 \/ FEMME \/ Dark Blue)"},"content":{"rendered":"<p>FROM FUTURE X BWT ALPINE FORMULA ONE TEAM<br \/>\n<br \/>Deux univers d\u2019excellence fusionnent.<br \/>\n<br \/>La performance ma\u00eetris\u00e9e d\u2019Alpine Formule 1.<br \/>\n<br \/>Le toucher vibrant de FROM FUTURE.<\/p>\n<p>Une capsule in\u00e9dite, disponible en \u00e9dition limit\u00e9e.<\/p>\n<p>&#8211; Short en laine m\u00e9rinos 4 fils certifi\u00e9e RWS Femme<br \/>\n<br \/>&#8211; Broderies<br \/>\n<br \/>&#8211; \u00c9lastique \u00e0 la taille<br \/>\n<br \/>&#8211; Coupe droite et slim<br \/>\n<br \/>&#8211; Laine m\u00e9rinos extra fine d&#8217;Australie : respirante et thermor\u00e9gulatrice, elle peut \u00eatre port\u00e9e \u00e9t\u00e9 comme hiver<\/p>\n","protected":false},"excerpt":{"rendered":"<p>FROM FUTURE X BWT ALPINE FORMULA ONE TEAM Deux univers d\u2019excellence fusionnent. La performance ma\u00eetris\u00e9e d\u2019Alpine Formule 1. Le toucher vibrant de FROM FUTURE. Une capsule in\u00e9dite, disponible en \u00e9dition limit\u00e9e. &#8211; Short en laine m\u00e9rinos 4 fils certifi\u00e9e RWS Femme &#8211; Broderies &#8211; \u00c9lastique \u00e0 la taille &#8211; Coupe droite et slim &#8211; Laine [&hellip;]<\/p>\n","protected":false},"featured_media":2599997,"comment_status":"open","ping_status":"closed","template":"","meta":[],"product_brand":[6868],"product_cat":[1756,1762],"product_tag":[2244],"acf":[],"_links":{"self":[{"href":"https:\/\/streetmarkets.fr\/app\/wp-json\/wp\/v2\/product\/2599996"}],"collection":[{"href":"https:\/\/streetmarkets.fr\/app\/wp-json\/wp\/v2\/product"}],"about":[{"href":"https:\/\/streetmarkets.fr\/app\/wp-json\/wp\/v2\/types\/product"}],"replies":[{"embeddable":true,"href":"https:\/\/streetmarkets.fr\/app\/wp-json\/wp\/v2\/comments?post=2599996"}],"wp:featuredmedia":[{"embeddable":true,"href":"https:\/\/streetmarkets.fr\/app\/wp-json\/wp\/v2\/media\/2599997"}],"wp:attachment":[{"href":"https:\/\/streetmarkets.fr\/app\/wp-json\/wp\/v2\/media?parent=2599996"}],"wp:term":[{"taxonomy":"product_brand","embeddable":true,"href":"https:\/\/streetmarkets.fr\/app\/wp-json\/wp\/v2\/product_brand?post=2599996"},{"taxonomy":"product_cat","embeddable":true,"href":"https:\/\/streetmarkets.fr\/app\/wp-json\/wp\/v2\/product_cat?post=2599996"},{"taxonomy":"product_tag","embeddable":true,"href":"https:\/\/streetmarkets.fr\/app\/wp-json\/wp\/v2\/product_tag?post=2599996"}],"curies":[{"name":"wp","href":"https:\/\/api.w.org\/{rel}","templated":true}]}}