{"id":2599970,"date":"2025-09-06T02:03:05","date_gmt":"2025-09-06T00:03:05","guid":{"rendered":"https:\/\/streetmarkets.fr\/app\/produit\/body-manches-longues-alpine-h25-femme-navy\/"},"modified":"2025-09-13T02:10:37","modified_gmt":"2025-09-13T00:10:37","slug":"body-manches-longues-alpine-h25-femme-navy","status":"publish","type":"product","link":"https:\/\/streetmarkets.fr\/app\/produit\/body-manches-longues-alpine-h25-femme-navy\/","title":{"rendered":"Body Manches Longues Alpine (H25 \/ FEMME \/ Navy)"},"content":{"rendered":"<p>FROM FUTURE X BWT ALPINE FORMULA ONE TEAM<br \/>\n<br \/>Deux univers d\u2019excellence fusionnent.<br \/>\n<br \/>La performance ma\u00eetris\u00e9e d\u2019Alpine Formule 1.<br \/>\n<br \/>Le toucher vibrant de FROM FUTURE.<\/p>\n<p>Une capsule in\u00e9dite, disponible en \u00e9dition limit\u00e9e. <\/p>\n<p>&#8211; Body en laine m\u00e9rinos 4 fils certifi\u00e9e RWS\u00ae Femme<br \/>\n<br \/>&#8211; Imprim\u00e9s<br \/>\n<br \/>&#8211; Col montant zipp\u00e9<br \/>\n<br \/>&#8211; Manches longues<br \/>\n<br \/>&#8211; Coupe slim<br \/>\n<br \/>&#8211; Laine m\u00e9rinos extra fine d&#8217;Australie : respirante et thermor\u00e9gulatrice, elle peut \u00eatre port\u00e9e \u00e9t\u00e9 comme hiver<\/p>\n","protected":false},"excerpt":{"rendered":"<p>FROM FUTURE X BWT ALPINE FORMULA ONE TEAM Deux univers d\u2019excellence fusionnent. La performance ma\u00eetris\u00e9e d\u2019Alpine Formule 1. Le toucher vibrant de FROM FUTURE. Une capsule in\u00e9dite, disponible en \u00e9dition limit\u00e9e. &#8211; Body en laine m\u00e9rinos 4 fils certifi\u00e9e RWS\u00ae Femme &#8211; Imprim\u00e9s &#8211; Col montant zipp\u00e9 &#8211; Manches longues &#8211; Coupe slim &#8211; Laine [&hellip;]<\/p>\n","protected":false},"featured_media":2599971,"comment_status":"open","ping_status":"closed","template":"","meta":[],"product_brand":[6868],"product_cat":[1756,1762],"product_tag":[2244],"acf":[],"_links":{"self":[{"href":"https:\/\/streetmarkets.fr\/app\/wp-json\/wp\/v2\/product\/2599970"}],"collection":[{"href":"https:\/\/streetmarkets.fr\/app\/wp-json\/wp\/v2\/product"}],"about":[{"href":"https:\/\/streetmarkets.fr\/app\/wp-json\/wp\/v2\/types\/product"}],"replies":[{"embeddable":true,"href":"https:\/\/streetmarkets.fr\/app\/wp-json\/wp\/v2\/comments?post=2599970"}],"wp:featuredmedia":[{"embeddable":true,"href":"https:\/\/streetmarkets.fr\/app\/wp-json\/wp\/v2\/media\/2599971"}],"wp:attachment":[{"href":"https:\/\/streetmarkets.fr\/app\/wp-json\/wp\/v2\/media?parent=2599970"}],"wp:term":[{"taxonomy":"product_brand","embeddable":true,"href":"https:\/\/streetmarkets.fr\/app\/wp-json\/wp\/v2\/product_brand?post=2599970"},{"taxonomy":"product_cat","embeddable":true,"href":"https:\/\/streetmarkets.fr\/app\/wp-json\/wp\/v2\/product_cat?post=2599970"},{"taxonomy":"product_tag","embeddable":true,"href":"https:\/\/streetmarkets.fr\/app\/wp-json\/wp\/v2\/product_tag?post=2599970"}],"curies":[{"name":"wp","href":"https:\/\/api.w.org\/{rel}","templated":true}]}}