{"id":2599942,"date":"2025-09-06T02:03:03","date_gmt":"2025-09-06T00:03:03","guid":{"rendered":"https:\/\/streetmarkets.fr\/app\/produit\/pull-col-rond-bandes-multicolores-h25-femme-beige-chine\/"},"modified":"2026-01-11T00:47:23","modified_gmt":"2026-01-10T23:47:23","slug":"pull-col-rond-bandes-multicolores-h25-femme-beige-chine","status":"publish","type":"product","link":"https:\/\/streetmarkets.fr\/app\/produit\/pull-col-rond-bandes-multicolores-h25-femme-beige-chine\/","title":{"rendered":"Pull Col Rond Bandes Multicolores (H25 \/ FEMME \/ Beige Chin\u00e9)"},"content":{"rendered":"<p>Signatures de l&#8217;allure From Future, des bandes multicolores contrast\u00e9es se d\u00e9voilent sur ce pull audacieux. Confectionn\u00e9 en 100% laine m\u00e9rinos certifi\u00e9e RWS (Responsible Wool Standard), il d\u00e9voile un col rond et de manches longues. Compl\u00e9tez votre look en l&#8217;associant \u00e0 une jupe fluide ou un jean ample.<\/p>\n<p>&#8211; Pull en laine m\u00e9rinos Femme<br \/>\n<br \/>&#8211; Bandes multicolores<br \/>\n<br \/>&#8211; Col rond<br \/>\n<br \/>&#8211; Manches longues<br \/>\n<br \/>&#8211; Coupe regular<br \/>\n<br \/>&#8211; Laine m\u00e9rinos : respirante et thermor\u00e9gulatrice, elle peut \u00eatre port\u00e9e \u00e9t\u00e9 comme hiver<\/p>\n","protected":false},"excerpt":{"rendered":"<p>Signatures de l&#8217;allure From Future, des bandes multicolores contrast\u00e9es se d\u00e9voilent sur ce pull audacieux. Confectionn\u00e9 en 100% laine m\u00e9rinos certifi\u00e9e RWS (Responsible Wool Standard), il d\u00e9voile un col rond et de manches longues. Compl\u00e9tez votre look en l&#8217;associant \u00e0 une jupe fluide ou un jean ample. &#8211; Pull en laine m\u00e9rinos Femme &#8211; Bandes [&hellip;]<\/p>\n","protected":false},"featured_media":2599943,"comment_status":"open","ping_status":"closed","template":"","meta":[],"product_brand":[6868],"product_cat":[1756,1762],"product_tag":[2244],"acf":[],"_links":{"self":[{"href":"https:\/\/streetmarkets.fr\/app\/wp-json\/wp\/v2\/product\/2599942"}],"collection":[{"href":"https:\/\/streetmarkets.fr\/app\/wp-json\/wp\/v2\/product"}],"about":[{"href":"https:\/\/streetmarkets.fr\/app\/wp-json\/wp\/v2\/types\/product"}],"replies":[{"embeddable":true,"href":"https:\/\/streetmarkets.fr\/app\/wp-json\/wp\/v2\/comments?post=2599942"}],"wp:featuredmedia":[{"embeddable":true,"href":"https:\/\/streetmarkets.fr\/app\/wp-json\/wp\/v2\/media\/2599943"}],"wp:attachment":[{"href":"https:\/\/streetmarkets.fr\/app\/wp-json\/wp\/v2\/media?parent=2599942"}],"wp:term":[{"taxonomy":"product_brand","embeddable":true,"href":"https:\/\/streetmarkets.fr\/app\/wp-json\/wp\/v2\/product_brand?post=2599942"},{"taxonomy":"product_cat","embeddable":true,"href":"https:\/\/streetmarkets.fr\/app\/wp-json\/wp\/v2\/product_cat?post=2599942"},{"taxonomy":"product_tag","embeddable":true,"href":"https:\/\/streetmarkets.fr\/app\/wp-json\/wp\/v2\/product_tag?post=2599942"}],"curies":[{"name":"wp","href":"https:\/\/api.w.org\/{rel}","templated":true}]}}