{"id":2599919,"date":"2025-09-06T02:02:55","date_gmt":"2025-09-06T00:02:55","guid":{"rendered":"https:\/\/streetmarkets.fr\/app\/produit\/pull-sans-manches-h25-femme-noir\/"},"modified":"2026-02-25T00:54:27","modified_gmt":"2026-02-24T23:54:27","slug":"pull-sans-manches-h25-femme-noir","status":"publish","type":"product","link":"https:\/\/streetmarkets.fr\/app\/produit\/pull-sans-manches-h25-femme-noir\/","title":{"rendered":"Pull Sans Manches (H25 \/ FEMME \/ Noir)"},"content":{"rendered":"<p>&#8211; Pull en cachemire 2 fils certifi\u00e9 GCS\u00ae Femme<br \/>\n<br \/>&#8211; Col rond<br \/>\n<br \/>&#8211; Sans manches<br \/>\n<br \/>&#8211; Bords contrast\u00e9s<br \/>\n<br \/>&#8211; Coupe courte et regular<br \/>\n<br \/>&#8211; Le Good Cashmere Standard\u00ae (GCS) est une norme ind\u00e9pendante pour un cachemire plus durable et plus responsable. Il vise \u00e0 am\u00e9liorer le bien-\u00eatre des ch\u00e8vres cachemire, les conditions de travail des \u00e9leveurs ainsi qu&#8217;\u00e0 prot\u00e9ger l&#8217;environnement.<\/p>\n","protected":false},"excerpt":{"rendered":"<p>&#8211; Pull en cachemire 2 fils certifi\u00e9 GCS\u00ae Femme &#8211; Col rond &#8211; Sans manches &#8211; Bords contrast\u00e9s &#8211; Coupe courte et regular &#8211; Le Good Cashmere Standard\u00ae (GCS) est une norme ind\u00e9pendante pour un cachemire plus durable et plus responsable. Il vise \u00e0 am\u00e9liorer le bien-\u00eatre des ch\u00e8vres cachemire, les conditions de travail des [&hellip;]<\/p>\n","protected":false},"featured_media":2599920,"comment_status":"open","ping_status":"closed","template":"","meta":[],"product_brand":[6868],"product_cat":[1756,1762],"product_tag":[2244],"acf":[],"_links":{"self":[{"href":"https:\/\/streetmarkets.fr\/app\/wp-json\/wp\/v2\/product\/2599919"}],"collection":[{"href":"https:\/\/streetmarkets.fr\/app\/wp-json\/wp\/v2\/product"}],"about":[{"href":"https:\/\/streetmarkets.fr\/app\/wp-json\/wp\/v2\/types\/product"}],"replies":[{"embeddable":true,"href":"https:\/\/streetmarkets.fr\/app\/wp-json\/wp\/v2\/comments?post=2599919"}],"wp:featuredmedia":[{"embeddable":true,"href":"https:\/\/streetmarkets.fr\/app\/wp-json\/wp\/v2\/media\/2599920"}],"wp:attachment":[{"href":"https:\/\/streetmarkets.fr\/app\/wp-json\/wp\/v2\/media?parent=2599919"}],"wp:term":[{"taxonomy":"product_brand","embeddable":true,"href":"https:\/\/streetmarkets.fr\/app\/wp-json\/wp\/v2\/product_brand?post=2599919"},{"taxonomy":"product_cat","embeddable":true,"href":"https:\/\/streetmarkets.fr\/app\/wp-json\/wp\/v2\/product_cat?post=2599919"},{"taxonomy":"product_tag","embeddable":true,"href":"https:\/\/streetmarkets.fr\/app\/wp-json\/wp\/v2\/product_tag?post=2599919"}],"curies":[{"name":"wp","href":"https:\/\/api.w.org\/{rel}","templated":true}]}}