{"id":2599885,"date":"2025-09-06T02:02:44","date_gmt":"2025-09-06T00:02:44","guid":{"rendered":"https:\/\/streetmarkets.fr\/app\/produit\/pull-col-rond-bicolore-h25-femme-golden-orange\/"},"modified":"2026-02-17T00:53:07","modified_gmt":"2026-02-16T23:53:07","slug":"pull-col-rond-bicolore-h25-femme-golden-orange","status":"publish","type":"product","link":"https:\/\/streetmarkets.fr\/app\/produit\/pull-col-rond-bicolore-h25-femme-golden-orange\/","title":{"rendered":"Pull Col Rond Bicolore (H25 \/ FEMME \/ Golden Orange)"},"content":{"rendered":"<p>L\u00e9g\u00e8ret\u00e9 et douceur pour ce pull confectionn\u00e9 en 100% laine m\u00e9rinos certifi\u00e9e RWS (Responsible Wool Standard). Muni d&#8217;un col rond et de manches longues, des bords contrast\u00e9s et des bandes bicolores illuminent instantan\u00e9ment votre allure de saison.<\/p>\n<p>&#8211; Pull en laine m\u00e9rinos Femme<br \/>\n<br \/>&#8211; Bandes bicolores contrast\u00e9es<br \/>\n<br \/>&#8211; Col rond<br \/>\n<br \/>&#8211; Manches longues<br \/>\n<br \/>&#8211; Coupe regular<br \/>\n<br \/>&#8211; Laine m\u00e9rinos : respirante et thermor\u00e9gulatrice, elle peut \u00eatre port\u00e9e \u00e9t\u00e9 comme hiver<\/p>\n","protected":false},"excerpt":{"rendered":"<p>L\u00e9g\u00e8ret\u00e9 et douceur pour ce pull confectionn\u00e9 en 100% laine m\u00e9rinos certifi\u00e9e RWS (Responsible Wool Standard). Muni d&#8217;un col rond et de manches longues, des bords contrast\u00e9s et des bandes bicolores illuminent instantan\u00e9ment votre allure de saison. &#8211; Pull en laine m\u00e9rinos Femme &#8211; Bandes bicolores contrast\u00e9es &#8211; Col rond &#8211; Manches longues &#8211; Coupe [&hellip;]<\/p>\n","protected":false},"featured_media":2599886,"comment_status":"open","ping_status":"closed","template":"","meta":[],"product_brand":[6868],"product_cat":[1756,1762],"product_tag":[2244],"acf":[],"_links":{"self":[{"href":"https:\/\/streetmarkets.fr\/app\/wp-json\/wp\/v2\/product\/2599885"}],"collection":[{"href":"https:\/\/streetmarkets.fr\/app\/wp-json\/wp\/v2\/product"}],"about":[{"href":"https:\/\/streetmarkets.fr\/app\/wp-json\/wp\/v2\/types\/product"}],"replies":[{"embeddable":true,"href":"https:\/\/streetmarkets.fr\/app\/wp-json\/wp\/v2\/comments?post=2599885"}],"wp:featuredmedia":[{"embeddable":true,"href":"https:\/\/streetmarkets.fr\/app\/wp-json\/wp\/v2\/media\/2599886"}],"wp:attachment":[{"href":"https:\/\/streetmarkets.fr\/app\/wp-json\/wp\/v2\/media?parent=2599885"}],"wp:term":[{"taxonomy":"product_brand","embeddable":true,"href":"https:\/\/streetmarkets.fr\/app\/wp-json\/wp\/v2\/product_brand?post=2599885"},{"taxonomy":"product_cat","embeddable":true,"href":"https:\/\/streetmarkets.fr\/app\/wp-json\/wp\/v2\/product_cat?post=2599885"},{"taxonomy":"product_tag","embeddable":true,"href":"https:\/\/streetmarkets.fr\/app\/wp-json\/wp\/v2\/product_tag?post=2599885"}],"curies":[{"name":"wp","href":"https:\/\/api.w.org\/{rel}","templated":true}]}}