{"id":2599850,"date":"2025-09-06T02:01:23","date_gmt":"2025-09-06T00:01:23","guid":{"rendered":"https:\/\/streetmarkets.fr\/app\/produit\/robe-longue-manches-longues-h25-femme-chocolat\/"},"modified":"2026-02-02T00:51:31","modified_gmt":"2026-02-01T23:51:31","slug":"robe-longue-manches-longues-h25-femme-chocolat","status":"publish","type":"product","link":"https:\/\/streetmarkets.fr\/app\/produit\/robe-longue-manches-longues-h25-femme-chocolat\/","title":{"rendered":"Robe Longue Manches Longues (H25 \/ FEMME \/ Chocolat)"},"content":{"rendered":"<p>&#8211; Robe longue en laine m\u00e9rinos 4 fils certifi\u00e9e RWS\u00ae Femme <br \/>&#8211; Encolure ronde <br \/>&#8211; Manches longues <br \/>&#8211; Fente avant <br \/>&#8211; Coupe longue et slim <br \/>&#8211; Laine m\u00e9rinos extra fine d&#8217;Australie : respirante et thermor\u00e9gulatrice, elle peut \u00eatre port\u00e9e \u00e9t\u00e9 comme hiver<\/p>\n","protected":false},"excerpt":{"rendered":"<p>&#8211; Robe longue en laine m\u00e9rinos 4 fils certifi\u00e9e RWS\u00ae Femme &#8211; Encolure ronde &#8211; Manches longues &#8211; Fente avant &#8211; Coupe longue et slim &#8211; Laine m\u00e9rinos extra fine d&#8217;Australie : respirante et thermor\u00e9gulatrice, elle peut \u00eatre port\u00e9e \u00e9t\u00e9 comme hiver<\/p>\n","protected":false},"featured_media":2599851,"comment_status":"open","ping_status":"closed","template":"","meta":[],"product_brand":[6868],"product_cat":[1756,1762],"product_tag":[2244],"acf":[],"_links":{"self":[{"href":"https:\/\/streetmarkets.fr\/app\/wp-json\/wp\/v2\/product\/2599850"}],"collection":[{"href":"https:\/\/streetmarkets.fr\/app\/wp-json\/wp\/v2\/product"}],"about":[{"href":"https:\/\/streetmarkets.fr\/app\/wp-json\/wp\/v2\/types\/product"}],"replies":[{"embeddable":true,"href":"https:\/\/streetmarkets.fr\/app\/wp-json\/wp\/v2\/comments?post=2599850"}],"wp:featuredmedia":[{"embeddable":true,"href":"https:\/\/streetmarkets.fr\/app\/wp-json\/wp\/v2\/media\/2599851"}],"wp:attachment":[{"href":"https:\/\/streetmarkets.fr\/app\/wp-json\/wp\/v2\/media?parent=2599850"}],"wp:term":[{"taxonomy":"product_brand","embeddable":true,"href":"https:\/\/streetmarkets.fr\/app\/wp-json\/wp\/v2\/product_brand?post=2599850"},{"taxonomy":"product_cat","embeddable":true,"href":"https:\/\/streetmarkets.fr\/app\/wp-json\/wp\/v2\/product_cat?post=2599850"},{"taxonomy":"product_tag","embeddable":true,"href":"https:\/\/streetmarkets.fr\/app\/wp-json\/wp\/v2\/product_tag?post=2599850"}],"curies":[{"name":"wp","href":"https:\/\/api.w.org\/{rel}","templated":true}]}}