{"id":2599837,"date":"2025-09-06T02:00:44","date_gmt":"2025-09-06T00:00:44","guid":{"rendered":"https:\/\/streetmarkets.fr\/app\/produit\/pull-col-rond-h25-femme-raspberry-pink\/"},"modified":"2026-02-02T00:51:30","modified_gmt":"2026-02-01T23:51:30","slug":"pull-col-rond-h25-femme-raspberry-pink","status":"publish","type":"product","link":"https:\/\/streetmarkets.fr\/app\/produit\/pull-col-rond-h25-femme-raspberry-pink\/","title":{"rendered":"Pull Col Rond (H25 \/ FEMME \/ Raspberry Pink)"},"content":{"rendered":"<p>&#8211; Pull en laine m\u00e9rinos certifi\u00e9e RWS\u00ae Femme <br \/>&#8211; Bandes aux \u00e9paules <br \/>&#8211; Col rond <br \/>&#8211; Manches longues <br \/>&#8211; Finitions c\u00f4tel\u00e9es <br \/>&#8211; Coupe r\u00e9gular <br \/>&#8211; Laine m\u00e9rinos extra fine d&#8217;Australie : respirante et thermor\u00e9gulatrice, elle peut \u00eatre port\u00e9e \u00e9t\u00e9 comme hiver<\/p>\n","protected":false},"excerpt":{"rendered":"<p>&#8211; Pull en laine m\u00e9rinos certifi\u00e9e RWS\u00ae Femme &#8211; Bandes aux \u00e9paules &#8211; Col rond &#8211; Manches longues &#8211; Finitions c\u00f4tel\u00e9es &#8211; Coupe r\u00e9gular &#8211; Laine m\u00e9rinos extra fine d&#8217;Australie : respirante et thermor\u00e9gulatrice, elle peut \u00eatre port\u00e9e \u00e9t\u00e9 comme hiver<\/p>\n","protected":false},"featured_media":2599838,"comment_status":"open","ping_status":"closed","template":"","meta":[],"product_brand":[6868],"product_cat":[1756,1762],"product_tag":[2244],"acf":[],"_links":{"self":[{"href":"https:\/\/streetmarkets.fr\/app\/wp-json\/wp\/v2\/product\/2599837"}],"collection":[{"href":"https:\/\/streetmarkets.fr\/app\/wp-json\/wp\/v2\/product"}],"about":[{"href":"https:\/\/streetmarkets.fr\/app\/wp-json\/wp\/v2\/types\/product"}],"replies":[{"embeddable":true,"href":"https:\/\/streetmarkets.fr\/app\/wp-json\/wp\/v2\/comments?post=2599837"}],"wp:featuredmedia":[{"embeddable":true,"href":"https:\/\/streetmarkets.fr\/app\/wp-json\/wp\/v2\/media\/2599838"}],"wp:attachment":[{"href":"https:\/\/streetmarkets.fr\/app\/wp-json\/wp\/v2\/media?parent=2599837"}],"wp:term":[{"taxonomy":"product_brand","embeddable":true,"href":"https:\/\/streetmarkets.fr\/app\/wp-json\/wp\/v2\/product_brand?post=2599837"},{"taxonomy":"product_cat","embeddable":true,"href":"https:\/\/streetmarkets.fr\/app\/wp-json\/wp\/v2\/product_cat?post=2599837"},{"taxonomy":"product_tag","embeddable":true,"href":"https:\/\/streetmarkets.fr\/app\/wp-json\/wp\/v2\/product_tag?post=2599837"}],"curies":[{"name":"wp","href":"https:\/\/api.w.org\/{rel}","templated":true}]}}