{"id":2599811,"date":"2025-09-06T02:00:37","date_gmt":"2025-09-06T00:00:37","guid":{"rendered":"https:\/\/streetmarkets.fr\/app\/produit\/pull-col-rond-homard-h25-femme-iced-sand\/"},"modified":"2026-02-03T00:49:14","modified_gmt":"2026-02-02T23:49:14","slug":"pull-col-rond-homard-h25-femme-iced-sand","status":"publish","type":"product","link":"https:\/\/streetmarkets.fr\/app\/produit\/pull-col-rond-homard-h25-femme-iced-sand\/","title":{"rendered":"Pull Col Rond Homard (H25 \/ FEMME \/ Iced Sand)"},"content":{"rendered":"<p>&#8211; Pull en cachemire 6 fils certifi\u00e9 GCS\u00ae Femme <br \/>&#8211; Homard en intarsia et From Future Since 2018 brod\u00e9 <br \/>&#8211; Col rond <br \/>&#8211; Manches longues <br \/>&#8211; Finitions c\u00f4tel\u00e9es <br \/>&#8211; Coupe regular <br \/>&#8211; Le Good Cashmere Standard\u00ae (GCS) est une norme ind\u00e9pendante pour un cachemire plus durable et plus responsable. Il vise \u00e0 am\u00e9liorer le bien-\u00eatre des ch\u00e8vres cachemire, les conditions de travail des \u00e9leveurs ainsi qu&#8217;\u00e0 prot\u00e9ger l&#8217;environnement.<\/p>\n","protected":false},"excerpt":{"rendered":"<p>&#8211; Pull en cachemire 6 fils certifi\u00e9 GCS\u00ae Femme &#8211; Homard en intarsia et From Future Since 2018 brod\u00e9 &#8211; Col rond &#8211; Manches longues &#8211; Finitions c\u00f4tel\u00e9es &#8211; Coupe regular &#8211; Le Good Cashmere Standard\u00ae (GCS) est une norme ind\u00e9pendante pour un cachemire plus durable et plus responsable. Il vise \u00e0 am\u00e9liorer le bien-\u00eatre [&hellip;]<\/p>\n","protected":false},"featured_media":2599812,"comment_status":"open","ping_status":"closed","template":"","meta":[],"product_brand":[6868],"product_cat":[1756,1762],"product_tag":[2244],"acf":[],"_links":{"self":[{"href":"https:\/\/streetmarkets.fr\/app\/wp-json\/wp\/v2\/product\/2599811"}],"collection":[{"href":"https:\/\/streetmarkets.fr\/app\/wp-json\/wp\/v2\/product"}],"about":[{"href":"https:\/\/streetmarkets.fr\/app\/wp-json\/wp\/v2\/types\/product"}],"replies":[{"embeddable":true,"href":"https:\/\/streetmarkets.fr\/app\/wp-json\/wp\/v2\/comments?post=2599811"}],"wp:featuredmedia":[{"embeddable":true,"href":"https:\/\/streetmarkets.fr\/app\/wp-json\/wp\/v2\/media\/2599812"}],"wp:attachment":[{"href":"https:\/\/streetmarkets.fr\/app\/wp-json\/wp\/v2\/media?parent=2599811"}],"wp:term":[{"taxonomy":"product_brand","embeddable":true,"href":"https:\/\/streetmarkets.fr\/app\/wp-json\/wp\/v2\/product_brand?post=2599811"},{"taxonomy":"product_cat","embeddable":true,"href":"https:\/\/streetmarkets.fr\/app\/wp-json\/wp\/v2\/product_cat?post=2599811"},{"taxonomy":"product_tag","embeddable":true,"href":"https:\/\/streetmarkets.fr\/app\/wp-json\/wp\/v2\/product_tag?post=2599811"}],"curies":[{"name":"wp","href":"https:\/\/api.w.org\/{rel}","templated":true}]}}