{"id":2599501,"date":"2025-09-05T08:43:11","date_gmt":"2025-09-05T06:43:11","guid":{"rendered":"https:\/\/streetmarkets.fr\/app\/produit\/col-rose-fluo-6-fils-koon\/"},"modified":"2026-05-12T08:38:58","modified_gmt":"2026-05-12T06:38:58","slug":"col-rose-fluo-6-fils-koon","status":"publish","type":"product","link":"https:\/\/streetmarkets.fr\/app\/produit\/col-rose-fluo-6-fils-koon\/","title":{"rendered":"Col rose fluo 6 fils &#8211; KOON"},"content":{"rendered":"<p>\u00a0<\/p>\n<div class=\"product__description color--primary-text bg--primary-background my2\" data-mce-fragment=\"1\">\n<p class=\"rte mx--auto font-size__basic max-width--3\" id=\"productDescription\" data-mce-fragment=\"1\"><span style=\"font-size: 1.4em\">Tour de cou en cachemire unisexe qui remplace de fa\u00e7on styl\u00e9e une \u00e9charpe.\u00a0<\/span><\/p>\n<p class=\"rte mx--auto font-size__basic max-width--3\" data-mce-fragment=\"1\"><span style=\"font-size: 1.4em\">Il se porte en dessous d&#8217;une chemise ou d&#8217;un pull col V, <\/span><\/p>\n<p class=\"rte mx--auto font-size__basic max-width--3\" data-mce-fragment=\"1\"><span style=\"font-size: 1.4em\">il remplacera \u00e0 merveille un col, roul\u00e9.\u00a0<\/span><\/p>\n<div class=\"rte mx--auto font-size__basic max-width--3\" data-product-description=\"\" data-mce-fragment=\"1\"><\/div>\n<\/div>\n","protected":false},"excerpt":{"rendered":"<p>\u00a0 Tour de cou en cachemire unisexe qui remplace de fa\u00e7on styl\u00e9e une \u00e9charpe.\u00a0 Il se porte en dessous d&#8217;une chemise ou d&#8217;un pull col V, il remplacera \u00e0 merveille un col, roul\u00e9.\u00a0<\/p>\n","protected":false},"featured_media":2599502,"comment_status":"open","ping_status":"closed","template":"","meta":[],"product_brand":[],"product_cat":[1756,1764],"product_tag":[2244],"acf":[],"_links":{"self":[{"href":"https:\/\/streetmarkets.fr\/app\/wp-json\/wp\/v2\/product\/2599501"}],"collection":[{"href":"https:\/\/streetmarkets.fr\/app\/wp-json\/wp\/v2\/product"}],"about":[{"href":"https:\/\/streetmarkets.fr\/app\/wp-json\/wp\/v2\/types\/product"}],"replies":[{"embeddable":true,"href":"https:\/\/streetmarkets.fr\/app\/wp-json\/wp\/v2\/comments?post=2599501"}],"wp:featuredmedia":[{"embeddable":true,"href":"https:\/\/streetmarkets.fr\/app\/wp-json\/wp\/v2\/media\/2599502"}],"wp:attachment":[{"href":"https:\/\/streetmarkets.fr\/app\/wp-json\/wp\/v2\/media?parent=2599501"}],"wp:term":[{"taxonomy":"product_brand","embeddable":true,"href":"https:\/\/streetmarkets.fr\/app\/wp-json\/wp\/v2\/product_brand?post=2599501"},{"taxonomy":"product_cat","embeddable":true,"href":"https:\/\/streetmarkets.fr\/app\/wp-json\/wp\/v2\/product_cat?post=2599501"},{"taxonomy":"product_tag","embeddable":true,"href":"https:\/\/streetmarkets.fr\/app\/wp-json\/wp\/v2\/product_tag?post=2599501"}],"curies":[{"name":"wp","href":"https:\/\/api.w.org\/{rel}","templated":true}]}}