{"id":2599497,"date":"2025-09-05T08:43:11","date_gmt":"2025-09-05T06:43:11","guid":{"rendered":"https:\/\/streetmarkets.fr\/app\/produit\/jupe-lisa-jaspe-tan-bleu-ma-poesie\/"},"modified":"2026-05-03T08:38:48","modified_gmt":"2026-05-03T06:38:48","slug":"jupe-lisa-jaspe-tan-bleu-ma-poesie","status":"publish","type":"product","link":"https:\/\/streetmarkets.fr\/app\/produit\/jupe-lisa-jaspe-tan-bleu-ma-poesie\/","title":{"rendered":"Jupe Lisa Jaspe Tan Bleu &#8211; Ma Po\u00e9sie"},"content":{"rendered":"<div>La Jupe Lisa Jaspe Tan Bleu est compos\u00e9e d&#8217;une maille chin\u00e9e en m\u00e9lange laine et lin, avec effet pliss\u00e9.<\/div>\n<div>Elle offre une taille \u00e9lastiqu\u00e9e et une coupe droite.<\/div>\n<div><\/div>\n<p>Guide des tailles : taille unique (36-40). Le mannequin mesure 1m75.\u00a0<\/p>\n","protected":false},"excerpt":{"rendered":"<p>La Jupe Lisa Jaspe Tan Bleu est compos\u00e9e d&#8217;une maille chin\u00e9e en m\u00e9lange laine et lin, avec effet pliss\u00e9. Elle offre une taille \u00e9lastiqu\u00e9e et une coupe droite. Guide des tailles : taille unique (36-40). Le mannequin mesure 1m75.\u00a0<\/p>\n","protected":false},"featured_media":2599498,"comment_status":"open","ping_status":"closed","template":"","meta":[],"product_brand":[],"product_cat":[1756,1762],"product_tag":[2244],"acf":[],"_links":{"self":[{"href":"https:\/\/streetmarkets.fr\/app\/wp-json\/wp\/v2\/product\/2599497"}],"collection":[{"href":"https:\/\/streetmarkets.fr\/app\/wp-json\/wp\/v2\/product"}],"about":[{"href":"https:\/\/streetmarkets.fr\/app\/wp-json\/wp\/v2\/types\/product"}],"replies":[{"embeddable":true,"href":"https:\/\/streetmarkets.fr\/app\/wp-json\/wp\/v2\/comments?post=2599497"}],"wp:featuredmedia":[{"embeddable":true,"href":"https:\/\/streetmarkets.fr\/app\/wp-json\/wp\/v2\/media\/2599498"}],"wp:attachment":[{"href":"https:\/\/streetmarkets.fr\/app\/wp-json\/wp\/v2\/media?parent=2599497"}],"wp:term":[{"taxonomy":"product_brand","embeddable":true,"href":"https:\/\/streetmarkets.fr\/app\/wp-json\/wp\/v2\/product_brand?post=2599497"},{"taxonomy":"product_cat","embeddable":true,"href":"https:\/\/streetmarkets.fr\/app\/wp-json\/wp\/v2\/product_cat?post=2599497"},{"taxonomy":"product_tag","embeddable":true,"href":"https:\/\/streetmarkets.fr\/app\/wp-json\/wp\/v2\/product_tag?post=2599497"}],"curies":[{"name":"wp","href":"https:\/\/api.w.org\/{rel}","templated":true}]}}