{"id":2599391,"date":"2025-09-05T07:36:58","date_gmt":"2025-09-05T05:36:58","guid":{"rendered":"https:\/\/streetmarkets.fr\/app\/produit\/pull-cachemire-madluv-barbara\/"},"modified":"2026-05-13T07:37:58","modified_gmt":"2026-05-13T05:37:58","slug":"pull-cachemire-madluv-barbara","status":"publish","type":"product","link":"https:\/\/streetmarkets.fr\/app\/produit\/pull-cachemire-madluv-barbara\/","title":{"rendered":"Pull Cachemire Madluv Barbara"},"content":{"rendered":"<p>BARBARA :Pull col rond, manches longues, avec unjoli \u00e9clair color\u00e9en intarsia (tricotage haute pr\u00e9cision).Pi\u00e8ce \u00e9dition limit\u00e9e, disponible uniquement chez MADLUV.Composition :70% laine \/ 30% cachemire-\u00a0Taille Unique &#8211; Coloris : Bleu &#8211; Existe aussi en Rose et en Noir.La livraison est offerte pour la France M\u00e9tropolitaine !<\/p>\n","protected":false},"excerpt":{"rendered":"<p>BARBARA :Pull col rond, manches longues, avec unjoli \u00e9clair color\u00e9en intarsia (tricotage haute pr\u00e9cision).Pi\u00e8ce \u00e9dition limit\u00e9e, disponible uniquement chez MADLUV.Composition :70% laine \/ 30% cachemire-\u00a0Taille Unique &#8211; Coloris : Bleu &#8211; Existe aussi en Rose et en Noir.La livraison est offerte pour la France M\u00e9tropolitaine !<\/p>\n","protected":false},"featured_media":2599392,"comment_status":"open","ping_status":"closed","template":"","meta":[],"product_brand":[],"product_cat":[1756,1762],"product_tag":[2244],"acf":[],"_links":{"self":[{"href":"https:\/\/streetmarkets.fr\/app\/wp-json\/wp\/v2\/product\/2599391"}],"collection":[{"href":"https:\/\/streetmarkets.fr\/app\/wp-json\/wp\/v2\/product"}],"about":[{"href":"https:\/\/streetmarkets.fr\/app\/wp-json\/wp\/v2\/types\/product"}],"replies":[{"embeddable":true,"href":"https:\/\/streetmarkets.fr\/app\/wp-json\/wp\/v2\/comments?post=2599391"}],"wp:featuredmedia":[{"embeddable":true,"href":"https:\/\/streetmarkets.fr\/app\/wp-json\/wp\/v2\/media\/2599392"}],"wp:attachment":[{"href":"https:\/\/streetmarkets.fr\/app\/wp-json\/wp\/v2\/media?parent=2599391"}],"wp:term":[{"taxonomy":"product_brand","embeddable":true,"href":"https:\/\/streetmarkets.fr\/app\/wp-json\/wp\/v2\/product_brand?post=2599391"},{"taxonomy":"product_cat","embeddable":true,"href":"https:\/\/streetmarkets.fr\/app\/wp-json\/wp\/v2\/product_cat?post=2599391"},{"taxonomy":"product_tag","embeddable":true,"href":"https:\/\/streetmarkets.fr\/app\/wp-json\/wp\/v2\/product_tag?post=2599391"}],"curies":[{"name":"wp","href":"https:\/\/api.w.org\/{rel}","templated":true}]}}