{"id":2591161,"date":"2025-09-05T01:59:30","date_gmt":"2025-09-04T23:59:30","guid":{"rendered":"https:\/\/streetmarkets.fr\/app\/produit\/sweatshirt-hoodie-alpine-h25-homme-washed-black\/"},"modified":"2026-02-15T00:55:13","modified_gmt":"2026-02-14T23:55:13","slug":"sweatshirt-hoodie-alpine-h25-homme-washed-black","status":"publish","type":"product","link":"https:\/\/streetmarkets.fr\/app\/produit\/sweatshirt-hoodie-alpine-h25-homme-washed-black\/","title":{"rendered":"Sweatshirt Hoodie Alpine (H25 \/ HOMME \/ Washed Black)"},"content":{"rendered":"<p>FROM FUTURE X BWT ALPINE FORMULA ONE TEAM<br \/>\n<br \/>Deux univers d\u2019excellence fusionnent.<br \/>\n<br \/>La performance ma\u00eetris\u00e9e d\u2019Alpine Formule 1.<br \/>\n<br \/>Le toucher vibrant de FROM FUTURE.<\/p>\n<p>Une capsule in\u00e9dite, disponible en \u00e9dition limit\u00e9e.<\/p>\n<p>&#8211; Hoodie en molleton \u00e9pais Homme<br \/>\n<br \/>&#8211; Imprim\u00e9<br \/>\n<br \/>&#8211; Capuche<br \/>\n<br \/>&#8211; Manches longues<br \/>\n<br \/>&#8211; Finitions c\u00f4tel\u00e9es<br \/>\n<br \/>&#8211; Coupe regular<\/p>\n","protected":false},"excerpt":{"rendered":"<p>FROM FUTURE X BWT ALPINE FORMULA ONE TEAM Deux univers d\u2019excellence fusionnent. La performance ma\u00eetris\u00e9e d\u2019Alpine Formule 1. Le toucher vibrant de FROM FUTURE. Une capsule in\u00e9dite, disponible en \u00e9dition limit\u00e9e. &#8211; Hoodie en molleton \u00e9pais Homme &#8211; Imprim\u00e9 &#8211; Capuche &#8211; Manches longues &#8211; Finitions c\u00f4tel\u00e9es &#8211; Coupe regular<\/p>\n","protected":false},"featured_media":2591162,"comment_status":"open","ping_status":"closed","template":"","meta":[],"product_brand":[6868],"product_cat":[1756,1758],"product_tag":[2244],"acf":[],"_links":{"self":[{"href":"https:\/\/streetmarkets.fr\/app\/wp-json\/wp\/v2\/product\/2591161"}],"collection":[{"href":"https:\/\/streetmarkets.fr\/app\/wp-json\/wp\/v2\/product"}],"about":[{"href":"https:\/\/streetmarkets.fr\/app\/wp-json\/wp\/v2\/types\/product"}],"replies":[{"embeddable":true,"href":"https:\/\/streetmarkets.fr\/app\/wp-json\/wp\/v2\/comments?post=2591161"}],"wp:featuredmedia":[{"embeddable":true,"href":"https:\/\/streetmarkets.fr\/app\/wp-json\/wp\/v2\/media\/2591162"}],"wp:attachment":[{"href":"https:\/\/streetmarkets.fr\/app\/wp-json\/wp\/v2\/media?parent=2591161"}],"wp:term":[{"taxonomy":"product_brand","embeddable":true,"href":"https:\/\/streetmarkets.fr\/app\/wp-json\/wp\/v2\/product_brand?post=2591161"},{"taxonomy":"product_cat","embeddable":true,"href":"https:\/\/streetmarkets.fr\/app\/wp-json\/wp\/v2\/product_cat?post=2591161"},{"taxonomy":"product_tag","embeddable":true,"href":"https:\/\/streetmarkets.fr\/app\/wp-json\/wp\/v2\/product_tag?post=2591161"}],"curies":[{"name":"wp","href":"https:\/\/api.w.org\/{rel}","templated":true}]}}