{"id":2591148,"date":"2025-09-05T01:59:28","date_gmt":"2025-09-04T23:59:28","guid":{"rendered":"https:\/\/streetmarkets.fr\/app\/produit\/t-shirt-col-rond-manches-courtes-alpine-h25-femme-blanc-2\/"},"modified":"2026-02-04T00:52:51","modified_gmt":"2026-02-03T23:52:51","slug":"t-shirt-col-rond-manches-courtes-alpine-h25-femme-blanc-2","status":"publish","type":"product","link":"https:\/\/streetmarkets.fr\/app\/produit\/t-shirt-col-rond-manches-courtes-alpine-h25-femme-blanc-2\/","title":{"rendered":"T-shirt Col Rond Manches Courtes Alpine (H25 \/ FEMME \/ Blanc)"},"content":{"rendered":"<p>FROM FUTURE X BWT ALPINE FORMULA ONE TEAM<br \/>\n<br \/>Deux univers d\u2019excellence fusionnent.<br \/>\n<br \/>La performance ma\u00eetris\u00e9e d\u2019Alpine Formule 1.<br \/>\n<br \/>Le toucher vibrant de FROM FUTURE.<\/p>\n<p>Une capsule in\u00e9dite, disponible en \u00e9dition limit\u00e9e.<\/p>\n<p>&#8211; Tee-shirt en coton Femme<br \/>\n<br \/>&#8211; Imprim\u00e9 strass\u00e9<br \/>\n<br \/>&#8211; Col rond<br \/>\n<br \/>&#8211; Manches courtes<br \/>\n<br \/>&#8211; Coupe oversize<\/p>\n","protected":false},"excerpt":{"rendered":"<p>FROM FUTURE X BWT ALPINE FORMULA ONE TEAM Deux univers d\u2019excellence fusionnent. La performance ma\u00eetris\u00e9e d\u2019Alpine Formule 1. Le toucher vibrant de FROM FUTURE. Une capsule in\u00e9dite, disponible en \u00e9dition limit\u00e9e. &#8211; Tee-shirt en coton Femme &#8211; Imprim\u00e9 strass\u00e9 &#8211; Col rond &#8211; Manches courtes &#8211; Coupe oversize<\/p>\n","protected":false},"featured_media":2591149,"comment_status":"open","ping_status":"closed","template":"","meta":[],"product_brand":[6868],"product_cat":[1756,1762],"product_tag":[2244],"acf":[],"_links":{"self":[{"href":"https:\/\/streetmarkets.fr\/app\/wp-json\/wp\/v2\/product\/2591148"}],"collection":[{"href":"https:\/\/streetmarkets.fr\/app\/wp-json\/wp\/v2\/product"}],"about":[{"href":"https:\/\/streetmarkets.fr\/app\/wp-json\/wp\/v2\/types\/product"}],"replies":[{"embeddable":true,"href":"https:\/\/streetmarkets.fr\/app\/wp-json\/wp\/v2\/comments?post=2591148"}],"wp:featuredmedia":[{"embeddable":true,"href":"https:\/\/streetmarkets.fr\/app\/wp-json\/wp\/v2\/media\/2591149"}],"wp:attachment":[{"href":"https:\/\/streetmarkets.fr\/app\/wp-json\/wp\/v2\/media?parent=2591148"}],"wp:term":[{"taxonomy":"product_brand","embeddable":true,"href":"https:\/\/streetmarkets.fr\/app\/wp-json\/wp\/v2\/product_brand?post=2591148"},{"taxonomy":"product_cat","embeddable":true,"href":"https:\/\/streetmarkets.fr\/app\/wp-json\/wp\/v2\/product_cat?post=2591148"},{"taxonomy":"product_tag","embeddable":true,"href":"https:\/\/streetmarkets.fr\/app\/wp-json\/wp\/v2\/product_tag?post=2591148"}],"curies":[{"name":"wp","href":"https:\/\/api.w.org\/{rel}","templated":true}]}}