{"id":2589118,"date":"2025-09-04T06:54:27","date_gmt":"2025-09-04T04:54:27","guid":{"rendered":"https:\/\/streetmarkets.fr\/app\/produit\/rasmus-boiled-wool\/"},"modified":"2026-03-16T05:49:12","modified_gmt":"2026-03-16T04:49:12","slug":"rasmus-boiled-wool","status":"publish","type":"product","link":"https:\/\/streetmarkets.fr\/app\/produit\/rasmus-boiled-wool\/","title":{"rendered":"Rasmus Boiled Wool"},"content":{"rendered":"<p data-start=\"222\" data-end=\"445\">Le\u00a0<em data-start=\"225\" data-end=\"233\">Rasmus Boiled Wool<\/em> d\u2019<strong>Anerkjendt<\/strong> est un gilet sans manches confectionn\u00e9 en <strong data-start=\"289\" data-end=\"307\">laine bouillie<\/strong>, reconnu pour sa chaleur et sa texture unique. Avec sa <strong data-start=\"363\" data-end=\"379\">coupe droite<\/strong> et son <strong data-start=\"387\" data-end=\"408\">col en V boutonn\u00e9<\/strong>, il allie simplicit\u00e9 et caract\u00e8re.<\/p>\n<p data-start=\"447\" data-end=\"718\">Ses <strong data-start=\"451\" data-end=\"476\">trois poches plaqu\u00e9es<\/strong> (dont une sur la poitrine) ajoutent une touche fonctionnelle et authentique, renfor\u00e7ant son esprit workwear revisit\u00e9. Sa teinte marron profond (<em data-start=\"621\" data-end=\"629\">Carafe<\/em>) en fait une pi\u00e8ce facile \u00e0 superposer sur une chemise, un col roul\u00e9 ou m\u00eame un sweat.<\/p>\n<p data-start=\"720\" data-end=\"823\">Un incontournable d\u2019inspiration utilitaire, pens\u00e9 pour compl\u00e9ter un vestiaire moderne et d\u00e9contract\u00e9.<\/p>\n<p data-start=\"825\" data-end=\"913\">Disponible chez <strong data-start=\"841\" data-end=\"851\">Harold<\/strong>, boutique de pr\u00eat-\u00e0-porter masculin dans le Marais \u00e0 Paris.<\/p>\n<ul data-start=\"1001\" data-end=\"1307\">\n<li data-start=\"1053\" data-end=\"1106\">\n<p data-start=\"1055\" data-end=\"1106\"><strong data-start=\"1055\" data-end=\"1066\">Coupe :<\/strong> droite, col en V, fermeture boutonn\u00e9e<\/p>\n<\/li>\n<li data-start=\"1107\" data-end=\"1158\">\n<p data-start=\"1109\" data-end=\"1158\"><strong data-start=\"1109\" data-end=\"1122\">D\u00e9tails :<\/strong> 3 poches plaqu\u00e9es dont 1 poitrine<\/p>\n<\/li>\n<\/ul>\n","protected":false},"excerpt":{"rendered":"<p>Le\u00a0Rasmus Boiled Wool d\u2019Anerkjendt est un gilet sans manches confectionn\u00e9 en laine bouillie, reconnu pour sa chaleur et sa texture unique. Avec sa coupe droite et son col en V boutonn\u00e9, il allie simplicit\u00e9 et caract\u00e8re. Ses trois poches plaqu\u00e9es (dont une sur la poitrine) ajoutent une touche fonctionnelle et authentique, renfor\u00e7ant son esprit workwear [&hellip;]<\/p>\n","protected":false},"featured_media":2589119,"comment_status":"open","ping_status":"closed","template":"","meta":[],"product_brand":[],"product_cat":[1756,1758],"product_tag":[2244],"acf":[],"_links":{"self":[{"href":"https:\/\/streetmarkets.fr\/app\/wp-json\/wp\/v2\/product\/2589118"}],"collection":[{"href":"https:\/\/streetmarkets.fr\/app\/wp-json\/wp\/v2\/product"}],"about":[{"href":"https:\/\/streetmarkets.fr\/app\/wp-json\/wp\/v2\/types\/product"}],"replies":[{"embeddable":true,"href":"https:\/\/streetmarkets.fr\/app\/wp-json\/wp\/v2\/comments?post=2589118"}],"wp:featuredmedia":[{"embeddable":true,"href":"https:\/\/streetmarkets.fr\/app\/wp-json\/wp\/v2\/media\/2589119"}],"wp:attachment":[{"href":"https:\/\/streetmarkets.fr\/app\/wp-json\/wp\/v2\/media?parent=2589118"}],"wp:term":[{"taxonomy":"product_brand","embeddable":true,"href":"https:\/\/streetmarkets.fr\/app\/wp-json\/wp\/v2\/product_brand?post=2589118"},{"taxonomy":"product_cat","embeddable":true,"href":"https:\/\/streetmarkets.fr\/app\/wp-json\/wp\/v2\/product_cat?post=2589118"},{"taxonomy":"product_tag","embeddable":true,"href":"https:\/\/streetmarkets.fr\/app\/wp-json\/wp\/v2\/product_tag?post=2589118"}],"curies":[{"name":"wp","href":"https:\/\/api.w.org\/{rel}","templated":true}]}}