{"id":2589089,"date":"2025-09-04T06:54:09","date_gmt":"2025-09-04T04:54:09","guid":{"rendered":"https:\/\/streetmarkets.fr\/app\/produit\/kailep_d-sweatshirt-522151\/"},"modified":"2026-03-16T05:49:11","modified_gmt":"2026-03-16T04:49:11","slug":"kailep_d-sweatshirt-522151","status":"publish","type":"product","link":"https:\/\/streetmarkets.fr\/app\/produit\/kailep_d-sweatshirt-522151\/","title":{"rendered":"Kailep_d Sweatshirt 522151"},"content":{"rendered":"<p data-start=\"191\" data-end=\"490\">Le <em data-start=\"194\" data-end=\"215\">Kailep_d Sweatshirt<\/em> de <strong>Drykorn<\/strong> revisite le pull sportif avec une <strong data-start=\"261\" data-end=\"283\">coupe d\u00e9contract\u00e9e<\/strong> et un col montant zipp\u00e9 inspir\u00e9 du troyer. Con\u00e7u en <strong data-start=\"336\" data-end=\"366\">French Terry haut de gamme<\/strong>\u00a0\u00e0 l\u2019int\u00e9rieur gratt\u00e9, il allie douceur et confort tout en garantissant une excellente tenue.<\/p>\n<p data-start=\"492\" data-end=\"791\">Ses <strong data-start=\"496\" data-end=\"525\">larges finitions c\u00f4tel\u00e9es<\/strong> apportent maintien et structure, tandis que la fermeture \u00e9clair mi-longue sur le devant souligne son allure moderne et fonctionnelle. Id\u00e9al pour un style casual affirm\u00e9, ce sweatshirt est une pi\u00e8ce polyvalente qui se porte aussi bien en int\u00e9rieur qu\u2019en ext\u00e9rieur.<\/p>\n<p data-start=\"793\" data-end=\"878\">Disponible chez <strong data-start=\"809\" data-end=\"819\">Harold<\/strong>, boutique masculine de r\u00e9f\u00e9rence dans le Marais \u00e0 Paris.<strong data-start=\"927\" data-end=\"960\"><\/strong><\/p>\n<ul data-start=\"964\" data-end=\"1398\">\n<li data-start=\"1019\" data-end=\"1046\">\n<p data-start=\"1021\" data-end=\"1046\"><strong data-start=\"1021\" data-end=\"1032\">Coupe :<\/strong> relaxed fit<\/p>\n<\/li>\n<li data-start=\"1076\" data-end=\"1101\">\n<p data-start=\"1078\" data-end=\"1101\"><strong data-start=\"1078\" data-end=\"1091\">Manches :<\/strong> longues<\/p>\n<\/li>\n<li data-start=\"1102\" data-end=\"1165\">\n<p data-start=\"1104\" data-end=\"1165\"><strong data-start=\"1104\" data-end=\"1119\">Finitions :<\/strong> larges bords-c\u00f4tes pour confort et maintien<\/p>\n<\/li>\n<li data-start=\"1102\" data-end=\"1165\">\n<p data-start=\"1104\" data-end=\"1165\"><strong data-start=\"1213\" data-end=\"1224\">Tissu :<\/strong> French Terry haut de gamme, int\u00e9rieur gratt\u00e9 pour plus de douceur<\/p>\n<\/li>\n<li data-start=\"1293\" data-end=\"1350\">\n<p data-start=\"1295\" data-end=\"1350\"><strong data-start=\"1295\" data-end=\"1307\">D\u00e9tail :<\/strong> fermeture \u00e9clair mi-longue sur le devant<\/p>\n<\/li>\n<\/ul>\n","protected":false},"excerpt":{"rendered":"<p>Le Kailep_d Sweatshirt de Drykorn revisite le pull sportif avec une coupe d\u00e9contract\u00e9e et un col montant zipp\u00e9 inspir\u00e9 du troyer. Con\u00e7u en French Terry haut de gamme\u00a0\u00e0 l\u2019int\u00e9rieur gratt\u00e9, il allie douceur et confort tout en garantissant une excellente tenue. Ses larges finitions c\u00f4tel\u00e9es apportent maintien et structure, tandis que la fermeture \u00e9clair mi-longue [&hellip;]<\/p>\n","protected":false},"featured_media":2589090,"comment_status":"open","ping_status":"closed","template":"","meta":[],"product_brand":[],"product_cat":[1756,1758],"product_tag":[2244],"acf":[],"_links":{"self":[{"href":"https:\/\/streetmarkets.fr\/app\/wp-json\/wp\/v2\/product\/2589089"}],"collection":[{"href":"https:\/\/streetmarkets.fr\/app\/wp-json\/wp\/v2\/product"}],"about":[{"href":"https:\/\/streetmarkets.fr\/app\/wp-json\/wp\/v2\/types\/product"}],"replies":[{"embeddable":true,"href":"https:\/\/streetmarkets.fr\/app\/wp-json\/wp\/v2\/comments?post=2589089"}],"wp:featuredmedia":[{"embeddable":true,"href":"https:\/\/streetmarkets.fr\/app\/wp-json\/wp\/v2\/media\/2589090"}],"wp:attachment":[{"href":"https:\/\/streetmarkets.fr\/app\/wp-json\/wp\/v2\/media?parent=2589089"}],"wp:term":[{"taxonomy":"product_brand","embeddable":true,"href":"https:\/\/streetmarkets.fr\/app\/wp-json\/wp\/v2\/product_brand?post=2589089"},{"taxonomy":"product_cat","embeddable":true,"href":"https:\/\/streetmarkets.fr\/app\/wp-json\/wp\/v2\/product_cat?post=2589089"},{"taxonomy":"product_tag","embeddable":true,"href":"https:\/\/streetmarkets.fr\/app\/wp-json\/wp\/v2\/product_tag?post=2589089"}],"curies":[{"name":"wp","href":"https:\/\/api.w.org\/{rel}","templated":true}]}}