{"id":2588980,"date":"2025-09-04T03:34:24","date_gmt":"2025-09-04T01:34:24","guid":{"rendered":"https:\/\/streetmarkets.fr\/app\/produit\/bosh-lomb-603-bbu\/"},"modified":"2026-05-11T03:33:45","modified_gmt":"2026-05-11T01:33:45","slug":"bosh-lomb-603-bbu","status":"publish","type":"product","link":"https:\/\/streetmarkets.fr\/app\/produit\/bosh-lomb-603-bbu\/","title":{"rendered":"BAUSH &amp; LOMB &#8211; 603-BBU"},"content":{"rendered":"<p class=\"description_avant_accordeon\"><span>Lunette de soleil vintage de la marque Baush\u00a0&amp; Lomb fabriqu\u00e9e au Japon. Une monture des ann\u00e9es 1990 \u00e0 la forme aviateur, \u00e9quip\u00e9e de verres verts.\u00a0<\/span><\/p>\n<p>D\u00e9couvrez l&#8217;\u00e9l\u00e9gance intemporelle avec cette lunette de soleil vintage Baush\u00a0&amp; Lomb, mod\u00e8le 603-BBU. Fabriqu\u00e9e au Japon dans les ann\u00e9es 1990, sa monture aviateur classique s&#8217;associe parfaitement \u00e0 des verres verts, offrant un style distinctif et une protection optimale contre les rayons du soleil. Un accessoire unique qui allie qualit\u00e9 et authenticit\u00e9.<\/p>\n<div id=\"accordion\">\n<div class=\"card\" style=\"border-top: 1px solid #d3d3d3;border-left: none;border-right: none;border-bottom: 1px solid #d3d3d3\">\n<button style=\"color: black;background-color: initial;box-shadow: none;font-size: 20px;text-transform: uppercase;border: none\" class=\"card-header collapsed card-link\" data-toggle=\"collapse\" data-target=\"#collapseOne\"> <b class=\"header-title float-left\" style=\"font-family: Oswald;font-size: 15px;font-style: normal;font-variant: normal;font-weight: 400;line-height: 18.2px;text-align: justify;color: #766456;letter-spacing: 1px\"> Description d\u00e9taill\u00e9e <\/b> <i class=\"fas fa-angle-right float-right\" style=\"position: absolute;right: 10px;color: #766456\"><\/i> <\/button><\/p>\n<div id=\"collapseOne\" class=\"collapse\">\n<div class=\"card-body\">\n<p style=\"margin-bottom: -3px\">\u00a0<\/p>\n<p style=\"margin-bottom: -3px\"><b>Marque :\u00a0Baush<\/b>\u00a0&amp; Lomb<\/p>\n<p style=\"margin-bottom: -3px\"><b>Ann\u00e9e :\u00a0<\/b>1990<\/p>\n<p style=\"margin-bottom: -3px\"><b>Forme :\u00a0<\/b>Aviateur<\/p>\n<p style=\"margin-bottom: -3px\"><b>Couleur :<\/b> Noir<\/p>\n<p style=\"margin-bottom: -3px\"><b>Mat\u00e9riaux :<\/b> Ac\u00e9tate<\/p>\n<p style=\"margin-bottom: -3px\"><b>Verres :<\/b> Verts<\/p>\n<p style=\"margin-bottom: -15px\"><b>Fabrication : <\/b>\u00a0Japon<\/p>\n<p><\/p>\n<p style=\"margin-bottom: -5px\"><b>Etat : <\/b> Neuf, jamais port\u00e9<\/p>\n<p><\/p>\n<p style=\"margin-bottom: -5px;font-style: italic\">Toutes nos lunettes passent entre les mains de nos opticiens, qui r\u00e9habilitent et ajustent les montures pour un confort optimal.<\/p>\n<\/div>\n<\/div>\n<\/div>\n<div class=\"card\" style=\"border: none;border-bottom: 1px solid #d3d3d3\">\n<button style=\"color: black;background-color: initial;box-shadow: none;font-size: 20px;text-transform: uppercase;border: none\" class=\"card-header collapsed card-link\" data-toggle=\"collapse\" data-target=\"#collapseTwo\"> <b class=\"header-title float-left\" style=\"font-family: Oswald;font-size: 15px;font-style: normal;font-variant: normal;font-weight: 400;line-height: 18.2px;text-align: justify;color: #766456;letter-spacing: 1px\"> Guide des tailles<\/b> <i class=\"fas fa-angle-right float-right\" style=\"position: absolute;right: 10px;color: #766456\"><\/i> <\/button><\/p>\n<div id=\"collapseTwo\" class=\"collapse\">\n<div class=\"card-body\">\n<img decoding=\"async\" src=\"https:\/\/cdn.shopify.com\/s\/files\/1\/0602\/6009\/0089\/files\/mesurerectanglePNG.png?v=1636987570\" border=\"0\"> <\/p>\n<p class=\"guide_des_tailles\"><b>A <\/b>\u00a0&#8211; Face : 130 mm <br \/><b>B <\/b> &#8211; Pont\/Nez : 12 mm <br \/><b>C <\/b>\u00a0&#8211; Calibre : 45 mm<\/p>\n<p class=\"guide_des_tailles\">\u00a0<\/p>\n<\/div>\n<\/div>\n<\/div>\n<div class=\"card\" style=\"border: none;border-bottom: 1px solid #d3d3d3\">\n<button style=\"color: black;background-color: initial;box-shadow: none;font-size: 20px;text-transform: uppercase;border: none\" class=\"card-header collapsed card-link\" data-toggle=\"collapse\" data-target=\"#collapseThree\"> <b class=\"header-title float-left\" style=\"font-family: Oswald;font-size: 15px;font-style: normal;font-variant: normal;font-weight: 400;line-height: 18.2px;text-align: justify;color: #766456;letter-spacing: 1px\"> Entretien <\/b> <i class=\"fas fa-angle-right float-right\" style=\"position: absolute;right: 10px;color: #766456\"><\/i> <\/button><\/p>\n<div id=\"collapseThree\" class=\"collapse\">\n<div class=\"card-body\">\n<p class=\"entretiens\">&#8211; Nettoyez vos lunettes avec de l&#8217;eau froide (jamais chaude) et du savon liquide et essuyez les avec une microfibre.<br \/>&#8211; Rangez vos lunettes dans leur \u00e9tui et ne jamais les poser sur les verres.<\/p>\n<p class=\"derniers_entretiens\">&#8211; Ne laissez jamais vos lunettes pr\u00e8s d&#8217;une source de chaleur<\/p>\n<\/div>\n<\/div>\n<\/div>\n<\/div>\n<p style=\"font-style: italic;margin-top: 10px\">Chaque paire est livr\u00e9e dans un \u00e9tui ou une pochette fabriqu\u00e9e en France \u00e0 partir de tissus vintage.\/\/ <\/p>\n","protected":false},"excerpt":{"rendered":"<p>Lunette de soleil vintage de la marque Baush\u00a0&amp; Lomb fabriqu\u00e9e au Japon. Une monture des ann\u00e9es 1990 \u00e0 la forme aviateur, \u00e9quip\u00e9e de verres verts.\u00a0 D\u00e9couvrez l&#8217;\u00e9l\u00e9gance intemporelle avec cette lunette de soleil vintage Baush\u00a0&amp; Lomb, mod\u00e8le 603-BBU. Fabriqu\u00e9e au Japon dans les ann\u00e9es 1990, sa monture aviateur classique s&#8217;associe parfaitement \u00e0 des verres verts, [&hellip;]<\/p>\n","protected":false},"featured_media":2588981,"comment_status":"open","ping_status":"closed","template":"","meta":[],"product_brand":[],"product_cat":[1756,1764,1760],"product_tag":[2122],"acf":[],"_links":{"self":[{"href":"https:\/\/streetmarkets.fr\/app\/wp-json\/wp\/v2\/product\/2588980"}],"collection":[{"href":"https:\/\/streetmarkets.fr\/app\/wp-json\/wp\/v2\/product"}],"about":[{"href":"https:\/\/streetmarkets.fr\/app\/wp-json\/wp\/v2\/types\/product"}],"replies":[{"embeddable":true,"href":"https:\/\/streetmarkets.fr\/app\/wp-json\/wp\/v2\/comments?post=2588980"}],"wp:featuredmedia":[{"embeddable":true,"href":"https:\/\/streetmarkets.fr\/app\/wp-json\/wp\/v2\/media\/2588981"}],"wp:attachment":[{"href":"https:\/\/streetmarkets.fr\/app\/wp-json\/wp\/v2\/media?parent=2588980"}],"wp:term":[{"taxonomy":"product_brand","embeddable":true,"href":"https:\/\/streetmarkets.fr\/app\/wp-json\/wp\/v2\/product_brand?post=2588980"},{"taxonomy":"product_cat","embeddable":true,"href":"https:\/\/streetmarkets.fr\/app\/wp-json\/wp\/v2\/product_cat?post=2588980"},{"taxonomy":"product_tag","embeddable":true,"href":"https:\/\/streetmarkets.fr\/app\/wp-json\/wp\/v2\/product_tag?post=2588980"}],"curies":[{"name":"wp","href":"https:\/\/api.w.org\/{rel}","templated":true}]}}