{"id":2588853,"date":"2025-09-04T03:33:38","date_gmt":"2025-09-04T01:33:38","guid":{"rendered":"https:\/\/streetmarkets.fr\/app\/produit\/thierry-mugler-chatelet-22\/"},"modified":"2026-04-30T03:33:53","modified_gmt":"2026-04-30T01:33:53","slug":"thierry-mugler-chatelet-22","status":"publish","type":"product","link":"https:\/\/streetmarkets.fr\/app\/produit\/thierry-mugler-chatelet-22\/","title":{"rendered":"Thierry Mugler &#8211; Chatelet 22"},"content":{"rendered":"<p>D\u00e9couvrez les lunettes de soleil vintage Thierry Mugler Chatelet 22, embl\u00e9matiques des ann\u00e9es 1990. Leur monture masque audacieuse, associ\u00e9e \u00e0 des verres noirs, offre un style unique et une protection optimale contre le soleil.<\/p>\n<div id=\"accordion\">\n<div style=\"border-top: 1px solid #d3d3d3;border-left: none;border-right: none;border-bottom: 1px solid #d3d3d3\" class=\"card\">\n<button data-target=\"#collapseOne\" data-toggle=\"collapse\" class=\"card-header collapsed card-link\" style=\"color: black;background-color: initial;box-shadow: none;font-size: 20px;text-transform: uppercase;border: none\"> <b style=\"font-family: Oswald;font-size: 15px;font-style: normal;font-variant: normal;font-weight: 400;line-height: 18.2px;text-align: justify;color: #766456;letter-spacing: 1px\" class=\"header-title float-left\"> Description d\u00e9taill\u00e9e <\/b> <i style=\"position: absolute;right: 10px;color: #766456\" class=\"fas fa-angle-right float-right\"><\/i> <\/button><\/p>\n<div class=\"collapse\" id=\"collapseOne\">\n<div class=\"card-body\">\n<p style=\"margin-bottom: -3px\">\u00a0<\/p>\n<p style=\"margin-bottom: -3px\"><b>Marque :\u00a0<\/b>Thierry Mugler<\/p>\n<p style=\"margin-bottom: -3px\"><b>Ann\u00e9e :\u00a0<\/b>1990<\/p>\n<p style=\"margin-bottom: -3px\"><b>Forme : <\/b>Oversized<\/p>\n<p style=\"margin-bottom: -3px\"><b>Couleur :\u00a0 <\/b>Noir<\/p>\n<p style=\"margin-bottom: -3px\"><b>Mat\u00e9riaux :<\/b> Ac\u00e9tate<\/p>\n<p style=\"margin-bottom: -3px\"><b>Verres :<\/b> Verres solaires noir<\/p>\n<p style=\"margin-bottom: -15px\"><b>Fabrication : <\/b>France<\/p>\n<p><\/p>\n<p style=\"margin-bottom: -5px\"><b>Etat : <\/b>Tr\u00e8s bon \u00e9tat<\/p>\n<p><\/p>\n<p style=\"margin-bottom: -5px;font-style: italic\">Toutes nos lunettes passent entre les mains de nos opticiens, qui r\u00e9habilitent et ajustent les montures pour un confort optimal.<\/p>\n<\/div>\n<\/div>\n<\/div>\n<div style=\"border: none;border-bottom: 1px solid #d3d3d3\" class=\"card\">\n<button data-target=\"#collapseTwo\" data-toggle=\"collapse\" class=\"card-header collapsed card-link\" style=\"color: black;background-color: initial;box-shadow: none;font-size: 20px;text-transform: uppercase;border: none\"> <b style=\"font-family: Oswald;font-size: 15px;font-style: normal;font-variant: normal;font-weight: 400;line-height: 18.2px;text-align: justify;color: #766456;letter-spacing: 1px\" class=\"header-title float-left\"> Guide des tailles<\/b> <i style=\"position: absolute;right: 10px;color: #766456\" class=\"fas fa-angle-right float-right\"><\/i> <\/button><\/p>\n<div class=\"collapse\" id=\"collapseTwo\">\n<div class=\"card-body\">\n<img decoding=\"async\" border=\"0\" src=\"https:\/\/cdn.shopify.com\/s\/files\/1\/0602\/6009\/0089\/files\/mesuresLunettesovalesPNG.png?v=1636987570\"> <\/p>\n<p class=\"guide_des_tailles\"><b>A <\/b> &#8211; Face : 140 mm <br \/><b>B <\/b>\u00a0&#8211; Pont\/Nez : 10 mm <br \/><b>C <\/b> &#8211; Calibre : 47 mm<\/p>\n<\/div>\n<\/div>\n<\/div>\n<div style=\"border: none;border-bottom: 1px solid #d3d3d3\" class=\"card\">\n<button data-target=\"#collapseThree\" data-toggle=\"collapse\" class=\"card-header collapsed card-link\" style=\"color: black;background-color: initial;box-shadow: none;font-size: 20px;text-transform: uppercase;border: none\"> <b style=\"font-family: Oswald;font-size: 15px;font-style: normal;font-variant: normal;font-weight: 400;line-height: 18.2px;text-align: justify;color: #766456;letter-spacing: 1px\" class=\"header-title float-left\"> Entretien <\/b> <i style=\"position: absolute;right: 10px;color: #766456\" class=\"fas fa-angle-right float-right\"><\/i> <\/button><\/p>\n<div class=\"collapse\" id=\"collapseThree\">\n<div class=\"card-body\">\n<p class=\"entretiens\">&#8211; Nettoyez vos lunettes avec de l&#8217;eau froide (jamais chaude) et du savon liquide et essuyez les avec une microfibre.<\/p>\n<p class=\"entretiens\">&#8211; Rangez vos lunettes dans leur \u00e9tui et ne jamais les poser sur les verres.<\/p>\n<p class=\"derniers_entretiens\">&#8211; Ne laissez jamais vos lunettes pr\u00e8s d&#8217;une source de chaleur<\/p>\n<\/div>\n<\/div>\n<\/div>\n<\/div>\n<p style=\"font-style: italic;margin-top: 10px\">Chaque paire est livr\u00e9e dans un \u00e9tui Seconde Vue\u00a0<\/p>\n","protected":false},"excerpt":{"rendered":"<p>D\u00e9couvrez les lunettes de soleil vintage Thierry Mugler Chatelet 22, embl\u00e9matiques des ann\u00e9es 1990. Leur monture masque audacieuse, associ\u00e9e \u00e0 des verres noirs, offre un style unique et une protection optimale contre le soleil. Description d\u00e9taill\u00e9e \u00a0 Marque :\u00a0Thierry Mugler Ann\u00e9e :\u00a01990 Forme : Oversized Couleur :\u00a0 Noir Mat\u00e9riaux : Ac\u00e9tate Verres : Verres solaires [&hellip;]<\/p>\n","protected":false},"featured_media":2588854,"comment_status":"open","ping_status":"closed","template":"","meta":[],"product_brand":[],"product_cat":[1756,1764,1760],"product_tag":[2122],"acf":[],"_links":{"self":[{"href":"https:\/\/streetmarkets.fr\/app\/wp-json\/wp\/v2\/product\/2588853"}],"collection":[{"href":"https:\/\/streetmarkets.fr\/app\/wp-json\/wp\/v2\/product"}],"about":[{"href":"https:\/\/streetmarkets.fr\/app\/wp-json\/wp\/v2\/types\/product"}],"replies":[{"embeddable":true,"href":"https:\/\/streetmarkets.fr\/app\/wp-json\/wp\/v2\/comments?post=2588853"}],"wp:featuredmedia":[{"embeddable":true,"href":"https:\/\/streetmarkets.fr\/app\/wp-json\/wp\/v2\/media\/2588854"}],"wp:attachment":[{"href":"https:\/\/streetmarkets.fr\/app\/wp-json\/wp\/v2\/media?parent=2588853"}],"wp:term":[{"taxonomy":"product_brand","embeddable":true,"href":"https:\/\/streetmarkets.fr\/app\/wp-json\/wp\/v2\/product_brand?post=2588853"},{"taxonomy":"product_cat","embeddable":true,"href":"https:\/\/streetmarkets.fr\/app\/wp-json\/wp\/v2\/product_cat?post=2588853"},{"taxonomy":"product_tag","embeddable":true,"href":"https:\/\/streetmarkets.fr\/app\/wp-json\/wp\/v2\/product_tag?post=2588853"}],"curies":[{"name":"wp","href":"https:\/\/api.w.org\/{rel}","templated":true}]}}