{"id":2584240,"date":"2025-09-04T02:08:34","date_gmt":"2025-09-04T00:08:34","guid":{"rendered":"https:\/\/streetmarkets.fr\/app\/produit\/chloe-asymmetric-dress\/"},"modified":"2026-04-25T01:57:54","modified_gmt":"2026-04-24T23:57:54","slug":"chloe-asymmetric-dress","status":"publish","type":"product","link":"https:\/\/streetmarkets.fr\/app\/produit\/chloe-asymmetric-dress\/","title":{"rendered":"Chlo\u00e9 Asymmetric Dress"},"content":{"rendered":"<p>Chlo\u00e9 Asymmetric Dress, one side has a bare shoulder. Very nice vintage Chlo\u00e9 Asymmetric Dress, in very good condition, available at La mode vintage, fully authenticate, secure payment, payment in 4X, fast worldwide shipping.<\/p>\n<p>VINTAGE CONDITION: <\/p>\n<p>GOOD<\/p>\n<p>MATERIALS: <\/p>\n<p>Cotton<\/p>\n<p>&nbsp;<\/p>\n<p>COLOR: <\/p>\n<p>Black<\/p>\n<p>SIZE: <\/p>\n<p>44FR<\/p>\n<p>SHIPPING &amp; RETURN POLICY: <\/p>\n<p>Packages are generally dispatched within 2 days after receipt of payment and are shipped worldwide via Colissimo with tracking information.<\/p>\n<p>Please see our Shipping &amp; Returns Terms for important details regarding shipment options and fees.<br \/>\n&nbsp;<\/p>\n<p><\/p>\n","protected":false},"excerpt":{"rendered":"<p>Chlo\u00e9 Asymmetric Dress, one side has a bare shoulder. Very nice vintage Chlo\u00e9 Asymmetric Dress, in very good condition, available at La mode vintage, fully authenticate, secure payment, payment in 4X, fast worldwide shipping. VINTAGE CONDITION: GOOD MATERIALS: Cotton &nbsp; COLOR: Black SIZE: 44FR SHIPPING &amp; RETURN POLICY: Packages are generally dispatched within 2 days [&hellip;]<\/p>\n","protected":false},"featured_media":2584241,"comment_status":"open","ping_status":"closed","template":"","meta":[],"product_brand":[],"product_cat":[1756,1762],"product_tag":[2122],"acf":[],"_links":{"self":[{"href":"https:\/\/streetmarkets.fr\/app\/wp-json\/wp\/v2\/product\/2584240"}],"collection":[{"href":"https:\/\/streetmarkets.fr\/app\/wp-json\/wp\/v2\/product"}],"about":[{"href":"https:\/\/streetmarkets.fr\/app\/wp-json\/wp\/v2\/types\/product"}],"replies":[{"embeddable":true,"href":"https:\/\/streetmarkets.fr\/app\/wp-json\/wp\/v2\/comments?post=2584240"}],"wp:featuredmedia":[{"embeddable":true,"href":"https:\/\/streetmarkets.fr\/app\/wp-json\/wp\/v2\/media\/2584241"}],"wp:attachment":[{"href":"https:\/\/streetmarkets.fr\/app\/wp-json\/wp\/v2\/media?parent=2584240"}],"wp:term":[{"taxonomy":"product_brand","embeddable":true,"href":"https:\/\/streetmarkets.fr\/app\/wp-json\/wp\/v2\/product_brand?post=2584240"},{"taxonomy":"product_cat","embeddable":true,"href":"https:\/\/streetmarkets.fr\/app\/wp-json\/wp\/v2\/product_cat?post=2584240"},{"taxonomy":"product_tag","embeddable":true,"href":"https:\/\/streetmarkets.fr\/app\/wp-json\/wp\/v2\/product_tag?post=2584240"}],"curies":[{"name":"wp","href":"https:\/\/api.w.org\/{rel}","templated":true}]}}