{"id":2584020,"date":"2025-09-04T01:14:42","date_gmt":"2025-09-03T23:14:42","guid":{"rendered":"https:\/\/streetmarkets.fr\/app\/produit\/foulard-mosaic-graphite\/"},"modified":"2025-11-24T00:15:19","modified_gmt":"2025-11-23T23:15:19","slug":"foulard-mosaic-graphite","status":"publish","type":"product","link":"https:\/\/streetmarkets.fr\/app\/produit\/foulard-mosaic-graphite\/","title":{"rendered":"Foulard Mosa\u00efc &#8211; Graphite"},"content":{"rendered":"<p>Ce foulard carr\u00e9 en coton est l\u2019accessoire facile qui change tout. Doux sur la peau, l\u00e9ger et agr\u00e9able \u00e0 porter, il se plie \u00e0 toutes vos envies: autour du cou, dans les cheveux, nou\u00e9 \u00e0 la poign\u00e9e d\u2019un sac ou au poignet.<br \/>\nSon motif Mosa\u00efc, imprim\u00e9 \u00e0 la main selon la technique du block print avec des encres v\u00e9g\u00e9tales 100% naturelles, offre de belles nuances et de l\u00e9g\u00e8res variations qui rendent chaque pi\u00e8ce unique. La teinte graphite, chic et passe-partout, s\u2019accorde aussi bien avec un jean brut qu\u2019un tailleur clair.<br \/>\nDeux formats pour mieux s\u2019adapter \u00e0 votre style: le petit 50 x 50 cm fa\u00e7on bandana, et le grand 100 x 100 cm pour un drap\u00e9 g\u00e9n\u00e9reux. Un indispensable du quotidien, \u00e0 garder pr\u00e8s de soi et \u00e0 offrir sans h\u00e9siter.<\/p>\n","protected":false},"excerpt":{"rendered":"<p>Ce foulard carr\u00e9 en coton est l\u2019accessoire facile qui change tout. Doux sur la peau, l\u00e9ger et agr\u00e9able \u00e0 porter, il se plie \u00e0 toutes vos envies: autour du cou, dans les cheveux, nou\u00e9 \u00e0 la poign\u00e9e d\u2019un sac ou au poignet. Son motif Mosa\u00efc, imprim\u00e9 \u00e0 la main selon la technique du block print [&hellip;]<\/p>\n","protected":false},"featured_media":2584021,"comment_status":"open","ping_status":"closed","template":"","meta":[],"product_brand":[],"product_cat":[1756,1764],"product_tag":[1810],"acf":[],"_links":{"self":[{"href":"https:\/\/streetmarkets.fr\/app\/wp-json\/wp\/v2\/product\/2584020"}],"collection":[{"href":"https:\/\/streetmarkets.fr\/app\/wp-json\/wp\/v2\/product"}],"about":[{"href":"https:\/\/streetmarkets.fr\/app\/wp-json\/wp\/v2\/types\/product"}],"replies":[{"embeddable":true,"href":"https:\/\/streetmarkets.fr\/app\/wp-json\/wp\/v2\/comments?post=2584020"}],"wp:featuredmedia":[{"embeddable":true,"href":"https:\/\/streetmarkets.fr\/app\/wp-json\/wp\/v2\/media\/2584021"}],"wp:attachment":[{"href":"https:\/\/streetmarkets.fr\/app\/wp-json\/wp\/v2\/media?parent=2584020"}],"wp:term":[{"taxonomy":"product_brand","embeddable":true,"href":"https:\/\/streetmarkets.fr\/app\/wp-json\/wp\/v2\/product_brand?post=2584020"},{"taxonomy":"product_cat","embeddable":true,"href":"https:\/\/streetmarkets.fr\/app\/wp-json\/wp\/v2\/product_cat?post=2584020"},{"taxonomy":"product_tag","embeddable":true,"href":"https:\/\/streetmarkets.fr\/app\/wp-json\/wp\/v2\/product_tag?post=2584020"}],"curies":[{"name":"wp","href":"https:\/\/api.w.org\/{rel}","templated":true}]}}