{"id":2584007,"date":"2025-09-04T01:14:33","date_gmt":"2025-09-03T23:14:33","guid":{"rendered":"https:\/\/streetmarkets.fr\/app\/produit\/foulard-cactus-navy\/"},"modified":"2025-11-24T00:15:18","modified_gmt":"2025-11-23T23:15:18","slug":"foulard-cactus-navy","status":"publish","type":"product","link":"https:\/\/streetmarkets.fr\/app\/produit\/foulard-cactus-navy\/","title":{"rendered":"Foulard Cactus &#8211; Navy"},"content":{"rendered":"<p>Ce foulard en coton est l\u2019alli\u00e9 simple et styl\u00e9 qui change tout. Imprim\u00e9 \u00e0 la main selon la technique du block print avec des encres v\u00e9g\u00e9tales 100% naturelles, il m\u00eale authenticit\u00e9 et joli d\u00e9tail graphique. Sa teinte navy, facile \u00e0 porter, s\u2019accorde aussi bien avec un jean brut qu\u2019une robe l\u00e9g\u00e8re.<\/p>\n<p>Disponible en deux formats, il s\u2019adapte \u00e0 vos envies: le petit 50&#215;50 fa\u00e7on bandana, le grand 100&#215;100 pour un port\u00e9 autour du cou, en top d\u2019\u00e9t\u00e9, dans les cheveux ou nou\u00e9 \u00e0 l\u2019anse d\u2019un sac. Doux et respirant, il se fait oublier sur la peau et apporte cette touche d\u2019allure qui finit un look sans effort.<\/p>\n","protected":false},"excerpt":{"rendered":"<p>Ce foulard en coton est l\u2019alli\u00e9 simple et styl\u00e9 qui change tout. Imprim\u00e9 \u00e0 la main selon la technique du block print avec des encres v\u00e9g\u00e9tales 100% naturelles, il m\u00eale authenticit\u00e9 et joli d\u00e9tail graphique. Sa teinte navy, facile \u00e0 porter, s\u2019accorde aussi bien avec un jean brut qu\u2019une robe l\u00e9g\u00e8re. Disponible en deux formats, [&hellip;]<\/p>\n","protected":false},"featured_media":2584008,"comment_status":"open","ping_status":"closed","template":"","meta":[],"product_brand":[],"product_cat":[1756,1764],"product_tag":[1810],"acf":[],"_links":{"self":[{"href":"https:\/\/streetmarkets.fr\/app\/wp-json\/wp\/v2\/product\/2584007"}],"collection":[{"href":"https:\/\/streetmarkets.fr\/app\/wp-json\/wp\/v2\/product"}],"about":[{"href":"https:\/\/streetmarkets.fr\/app\/wp-json\/wp\/v2\/types\/product"}],"replies":[{"embeddable":true,"href":"https:\/\/streetmarkets.fr\/app\/wp-json\/wp\/v2\/comments?post=2584007"}],"wp:featuredmedia":[{"embeddable":true,"href":"https:\/\/streetmarkets.fr\/app\/wp-json\/wp\/v2\/media\/2584008"}],"wp:attachment":[{"href":"https:\/\/streetmarkets.fr\/app\/wp-json\/wp\/v2\/media?parent=2584007"}],"wp:term":[{"taxonomy":"product_brand","embeddable":true,"href":"https:\/\/streetmarkets.fr\/app\/wp-json\/wp\/v2\/product_brand?post=2584007"},{"taxonomy":"product_cat","embeddable":true,"href":"https:\/\/streetmarkets.fr\/app\/wp-json\/wp\/v2\/product_cat?post=2584007"},{"taxonomy":"product_tag","embeddable":true,"href":"https:\/\/streetmarkets.fr\/app\/wp-json\/wp\/v2\/product_tag?post=2584007"}],"curies":[{"name":"wp","href":"https:\/\/api.w.org\/{rel}","templated":true}]}}