{"id":2583991,"date":"2025-09-04T01:14:31","date_gmt":"2025-09-03T23:14:31","guid":{"rendered":"https:\/\/streetmarkets.fr\/app\/produit\/trousse-gayanika-patchwork-aubergine\/"},"modified":"2025-11-24T00:15:16","modified_gmt":"2025-11-23T23:15:16","slug":"trousse-gayanika-patchwork-aubergine","status":"publish","type":"product","link":"https:\/\/streetmarkets.fr\/app\/produit\/trousse-gayanika-patchwork-aubergine\/","title":{"rendered":"Trousse gayanika Patchwork &#8211; Aubergine"},"content":{"rendered":"<p>Compacte, douce et pratique, cette trousse de toilette matelass\u00e9e en coton a tout du bon basique. Son imprim\u00e9 patchwork aubergine r\u00e9alis\u00e9 au block print lui donne un charme artisanal unique, facile \u00e0 rep\u00e9rer dans un sac. Avec son format 19 x 12 cm, elle se glisse partout et accueille l\u2019essentiel\u2009: maquillage, mini soins, petits objets du quotidien.<\/p>\n<p>On aime sa mati\u00e8re naturelle agr\u00e9able au toucher et sa confection faite main, qui apporte du relief et une vraie personnalit\u00e9. Un accessoire Apaches aussi joli pos\u00e9 sur une \u00e9tag\u00e8re de salle de bain que malin dans une valise. Id\u00e9e cadeau parfaite pour les amoureux d\u2019objets utiles et bien faits.<\/p>\n","protected":false},"excerpt":{"rendered":"<p>Compacte, douce et pratique, cette trousse de toilette matelass\u00e9e en coton a tout du bon basique. Son imprim\u00e9 patchwork aubergine r\u00e9alis\u00e9 au block print lui donne un charme artisanal unique, facile \u00e0 rep\u00e9rer dans un sac. Avec son format 19 x 12 cm, elle se glisse partout et accueille l\u2019essentiel\u2009: maquillage, mini soins, petits objets [&hellip;]<\/p>\n","protected":false},"featured_media":2583992,"comment_status":"open","ping_status":"closed","template":"","meta":[],"product_brand":[],"product_cat":[1756,1764],"product_tag":[1810],"acf":[],"_links":{"self":[{"href":"https:\/\/streetmarkets.fr\/app\/wp-json\/wp\/v2\/product\/2583991"}],"collection":[{"href":"https:\/\/streetmarkets.fr\/app\/wp-json\/wp\/v2\/product"}],"about":[{"href":"https:\/\/streetmarkets.fr\/app\/wp-json\/wp\/v2\/types\/product"}],"replies":[{"embeddable":true,"href":"https:\/\/streetmarkets.fr\/app\/wp-json\/wp\/v2\/comments?post=2583991"}],"wp:featuredmedia":[{"embeddable":true,"href":"https:\/\/streetmarkets.fr\/app\/wp-json\/wp\/v2\/media\/2583992"}],"wp:attachment":[{"href":"https:\/\/streetmarkets.fr\/app\/wp-json\/wp\/v2\/media?parent=2583991"}],"wp:term":[{"taxonomy":"product_brand","embeddable":true,"href":"https:\/\/streetmarkets.fr\/app\/wp-json\/wp\/v2\/product_brand?post=2583991"},{"taxonomy":"product_cat","embeddable":true,"href":"https:\/\/streetmarkets.fr\/app\/wp-json\/wp\/v2\/product_cat?post=2583991"},{"taxonomy":"product_tag","embeddable":true,"href":"https:\/\/streetmarkets.fr\/app\/wp-json\/wp\/v2\/product_tag?post=2583991"}],"curies":[{"name":"wp","href":"https:\/\/api.w.org\/{rel}","templated":true}]}}