{"id":2583943,"date":"2025-09-03T07:37:28","date_gmt":"2025-09-03T05:37:28","guid":{"rendered":"https:\/\/streetmarkets.fr\/app\/produit\/bam-pull-cachemire-femme-madluv-3\/"},"modified":"2026-05-06T07:37:54","modified_gmt":"2026-05-06T05:37:54","slug":"bam-pull-cachemire-femme-madluv-3","status":"publish","type":"product","link":"https:\/\/streetmarkets.fr\/app\/produit\/bam-pull-cachemire-femme-madluv-3\/","title":{"rendered":"BAM &#8211; Pull 100% Cachemire &#8211; Madluv"},"content":{"rendered":"<p>BAM: Pull col rond, manches longues, coupe oversize pour une taille unique, fendu sur les c\u00f4t\u00e9s. Motif BAM r\u00e9alis\u00e9 en intarsia.100% cachemire &#8211; Taille Unique &#8211; Coloris Bleu Marine &#8211; Existe aussi en Noir, en Gris, en Blanc ou en Beige.La livraison est offerte pour la France M\u00e9tropolitaine !<\/p>\n","protected":false},"excerpt":{"rendered":"<p>BAM: Pull col rond, manches longues, coupe oversize pour une taille unique, fendu sur les c\u00f4t\u00e9s. Motif BAM r\u00e9alis\u00e9 en intarsia.100% cachemire &#8211; Taille Unique &#8211; Coloris Bleu Marine &#8211; Existe aussi en Noir, en Gris, en Blanc ou en Beige.La livraison est offerte pour la France M\u00e9tropolitaine !<\/p>\n","protected":false},"featured_media":2583944,"comment_status":"open","ping_status":"closed","template":"","meta":[],"product_brand":[],"product_cat":[1756,1762],"product_tag":[2244],"acf":[],"_links":{"self":[{"href":"https:\/\/streetmarkets.fr\/app\/wp-json\/wp\/v2\/product\/2583943"}],"collection":[{"href":"https:\/\/streetmarkets.fr\/app\/wp-json\/wp\/v2\/product"}],"about":[{"href":"https:\/\/streetmarkets.fr\/app\/wp-json\/wp\/v2\/types\/product"}],"replies":[{"embeddable":true,"href":"https:\/\/streetmarkets.fr\/app\/wp-json\/wp\/v2\/comments?post=2583943"}],"wp:featuredmedia":[{"embeddable":true,"href":"https:\/\/streetmarkets.fr\/app\/wp-json\/wp\/v2\/media\/2583944"}],"wp:attachment":[{"href":"https:\/\/streetmarkets.fr\/app\/wp-json\/wp\/v2\/media?parent=2583943"}],"wp:term":[{"taxonomy":"product_brand","embeddable":true,"href":"https:\/\/streetmarkets.fr\/app\/wp-json\/wp\/v2\/product_brand?post=2583943"},{"taxonomy":"product_cat","embeddable":true,"href":"https:\/\/streetmarkets.fr\/app\/wp-json\/wp\/v2\/product_cat?post=2583943"},{"taxonomy":"product_tag","embeddable":true,"href":"https:\/\/streetmarkets.fr\/app\/wp-json\/wp\/v2\/product_tag?post=2583943"}],"curies":[{"name":"wp","href":"https:\/\/api.w.org\/{rel}","templated":true}]}}