{"id":2583903,"date":"2025-09-03T07:36:45","date_gmt":"2025-09-03T05:36:45","guid":{"rendered":"https:\/\/streetmarkets.fr\/app\/produit\/pull-cachemire-madluv-sound-vision\/"},"modified":"2026-05-13T07:37:36","modified_gmt":"2026-05-13T05:37:36","slug":"pull-cachemire-madluv-sound-vision","status":"publish","type":"product","link":"https:\/\/streetmarkets.fr\/app\/produit\/pull-cachemire-madluv-sound-vision\/","title":{"rendered":"Pull Cachemire Madluv Sound + Vision"},"content":{"rendered":"<p>SOUND + VISION :Pull col rond\u00a0&#8211;\u00a02 fils en cachemire avec un texte en intarsia.Ce mod\u00e8le est unisexe.100% cachemire- Taille Unique &#8211; Coloris : Noir &#8211; Existe aussi en Gris fonc\u00e9.La livraison est offerte pour la France M\u00e9tropolitaine !<\/p>\n","protected":false},"excerpt":{"rendered":"<p>SOUND + VISION :Pull col rond\u00a0&#8211;\u00a02 fils en cachemire avec un texte en intarsia.Ce mod\u00e8le est unisexe.100% cachemire- Taille Unique &#8211; Coloris : Noir &#8211; Existe aussi en Gris fonc\u00e9.La livraison est offerte pour la France M\u00e9tropolitaine !<\/p>\n","protected":false},"featured_media":2583904,"comment_status":"open","ping_status":"closed","template":"","meta":[],"product_brand":[],"product_cat":[1756,1762],"product_tag":[2244],"acf":[],"_links":{"self":[{"href":"https:\/\/streetmarkets.fr\/app\/wp-json\/wp\/v2\/product\/2583903"}],"collection":[{"href":"https:\/\/streetmarkets.fr\/app\/wp-json\/wp\/v2\/product"}],"about":[{"href":"https:\/\/streetmarkets.fr\/app\/wp-json\/wp\/v2\/types\/product"}],"replies":[{"embeddable":true,"href":"https:\/\/streetmarkets.fr\/app\/wp-json\/wp\/v2\/comments?post=2583903"}],"wp:featuredmedia":[{"embeddable":true,"href":"https:\/\/streetmarkets.fr\/app\/wp-json\/wp\/v2\/media\/2583904"}],"wp:attachment":[{"href":"https:\/\/streetmarkets.fr\/app\/wp-json\/wp\/v2\/media?parent=2583903"}],"wp:term":[{"taxonomy":"product_brand","embeddable":true,"href":"https:\/\/streetmarkets.fr\/app\/wp-json\/wp\/v2\/product_brand?post=2583903"},{"taxonomy":"product_cat","embeddable":true,"href":"https:\/\/streetmarkets.fr\/app\/wp-json\/wp\/v2\/product_cat?post=2583903"},{"taxonomy":"product_tag","embeddable":true,"href":"https:\/\/streetmarkets.fr\/app\/wp-json\/wp\/v2\/product_tag?post=2583903"}],"curies":[{"name":"wp","href":"https:\/\/api.w.org\/{rel}","templated":true}]}}