{"id":2576695,"date":"2025-09-03T01:57:38","date_gmt":"2025-09-02T23:57:38","guid":{"rendered":"https:\/\/streetmarkets.fr\/app\/produit\/pull-col-rond-bicolore-h25-femme-jaune-fluo\/"},"modified":"2026-02-15T00:55:12","modified_gmt":"2026-02-14T23:55:12","slug":"pull-col-rond-bicolore-h25-femme-jaune-fluo","status":"publish","type":"product","link":"https:\/\/streetmarkets.fr\/app\/produit\/pull-col-rond-bicolore-h25-femme-jaune-fluo\/","title":{"rendered":"Pull Col Rond Bicolore (H25 \/ FEMME \/ Jaune Fluo)"},"content":{"rendered":"<p>Empreint de douceur et de l\u00e9g\u00e8ret\u00e9, ce pull court confectionn\u00e9 en cachemire est muni d&#8217;un col rond et de manches longues. Ses bords bicolores contrast\u00e9es structurent la silhouette avec \u00e9l\u00e9gance. Optez pour un look casual en le mixant \u00e0 un jean droit ou une jupe fluide.<\/p>\n<p>&#8211; Pull court en cachemire l\u00e9ger certifi\u00e9 GCS\u00ae Femme<br \/>\n<br \/>&#8211; Bicolore<br \/>\n<br \/>&#8211; Col rond<br \/>\n<br \/>&#8211; Bords c\u00f4tel\u00e9s contrast\u00e9s<br \/>\n<br \/>&#8211; Manches longues<br \/>\n<br \/>&#8211; Coupe regular<br \/>\n<br \/>&#8211; Le Good Cashmere Standard\u00ae (GCS) est une norme ind\u00e9pendante pour un cachemire plus durable et plus responsable. Il vise \u00e0 am\u00e9liorer le bien-\u00eatre des ch\u00e8vres cachemire, les conditions de travail des \u00e9leveurs ainsi qu&#8217;\u00e0 prot\u00e9ger l&#8217;environnement.<br \/>&#8211; <u>Cachemire 2 fils<\/u> <\/p>\n","protected":false},"excerpt":{"rendered":"<p>Empreint de douceur et de l\u00e9g\u00e8ret\u00e9, ce pull court confectionn\u00e9 en cachemire est muni d&#8217;un col rond et de manches longues. Ses bords bicolores contrast\u00e9es structurent la silhouette avec \u00e9l\u00e9gance. Optez pour un look casual en le mixant \u00e0 un jean droit ou une jupe fluide. &#8211; Pull court en cachemire l\u00e9ger certifi\u00e9 GCS\u00ae Femme [&hellip;]<\/p>\n","protected":false},"featured_media":2576696,"comment_status":"open","ping_status":"closed","template":"","meta":[],"product_brand":[6868],"product_cat":[1756,1762],"product_tag":[2244],"acf":[],"_links":{"self":[{"href":"https:\/\/streetmarkets.fr\/app\/wp-json\/wp\/v2\/product\/2576695"}],"collection":[{"href":"https:\/\/streetmarkets.fr\/app\/wp-json\/wp\/v2\/product"}],"about":[{"href":"https:\/\/streetmarkets.fr\/app\/wp-json\/wp\/v2\/types\/product"}],"replies":[{"embeddable":true,"href":"https:\/\/streetmarkets.fr\/app\/wp-json\/wp\/v2\/comments?post=2576695"}],"wp:featuredmedia":[{"embeddable":true,"href":"https:\/\/streetmarkets.fr\/app\/wp-json\/wp\/v2\/media\/2576696"}],"wp:attachment":[{"href":"https:\/\/streetmarkets.fr\/app\/wp-json\/wp\/v2\/media?parent=2576695"}],"wp:term":[{"taxonomy":"product_brand","embeddable":true,"href":"https:\/\/streetmarkets.fr\/app\/wp-json\/wp\/v2\/product_brand?post=2576695"},{"taxonomy":"product_cat","embeddable":true,"href":"https:\/\/streetmarkets.fr\/app\/wp-json\/wp\/v2\/product_cat?post=2576695"},{"taxonomy":"product_tag","embeddable":true,"href":"https:\/\/streetmarkets.fr\/app\/wp-json\/wp\/v2\/product_tag?post=2576695"}],"curies":[{"name":"wp","href":"https:\/\/api.w.org\/{rel}","templated":true}]}}