{"id":2576654,"date":"2025-09-03T01:57:34","date_gmt":"2025-09-02T23:57:34","guid":{"rendered":"https:\/\/streetmarkets.fr\/app\/produit\/pull-col-rond-bicolore-h25-femme-gris-chine-fonce\/"},"modified":"2026-03-05T00:51:10","modified_gmt":"2026-03-04T23:51:10","slug":"pull-col-rond-bicolore-h25-femme-gris-chine-fonce","status":"publish","type":"product","link":"https:\/\/streetmarkets.fr\/app\/produit\/pull-col-rond-bicolore-h25-femme-gris-chine-fonce\/","title":{"rendered":"Pull Col Rond Bicolore (H25 \/ FEMME \/ Gris Chin\u00e9 Fonc\u00e9)"},"content":{"rendered":"<p><span data-sheets-root=\"1\">Confectionn\u00e9 en cachemire, ce pull court se distingue par ses lignes affirm\u00e9es. Muni d&#8217;un col rond et de manches longues, il r\u00e9v\u00e8le des bords bicolores, cr\u00e9ant un jeu de contrastes audacieux. \u00c0 porter sans mod\u00e9ration, optez pour une allure d\u00e9contract\u00e9e en l&#8217;associant \u00e0 un pantalon fluide ou un jean flare.<\/p>\n<p>&#8211; Pull court en cachemire 2 fils certifi\u00e9 GCS\u00ae Femme<br \/>&#8211; Bandes bicolores<br \/>&#8211; Col rond<br \/>&#8211; Manches longues<br \/>&#8211; Coupe droite<br \/>&#8211; Le Good Cashmere Standard\u00ae (GCS) est une norme ind\u00e9pendante pour un cachemire plus durable et plus responsable. Il vise \u00e0 am\u00e9liorer le bien-\u00eatre des ch\u00e8vres cachemire, les conditions de travail des \u00e9leveurs ainsi qu&#8217;\u00e0 prot\u00e9ger l&#8217;environnement.<\/span><\/p>\n","protected":false},"excerpt":{"rendered":"<p>Confectionn\u00e9 en cachemire, ce pull court se distingue par ses lignes affirm\u00e9es. Muni d&#8217;un col rond et de manches longues, il r\u00e9v\u00e8le des bords bicolores, cr\u00e9ant un jeu de contrastes audacieux. \u00c0 porter sans mod\u00e9ration, optez pour une allure d\u00e9contract\u00e9e en l&#8217;associant \u00e0 un pantalon fluide ou un jean flare. &#8211; Pull court en cachemire [&hellip;]<\/p>\n","protected":false},"featured_media":2576655,"comment_status":"open","ping_status":"closed","template":"","meta":[],"product_brand":[6868],"product_cat":[1756,1762],"product_tag":[2244],"acf":[],"_links":{"self":[{"href":"https:\/\/streetmarkets.fr\/app\/wp-json\/wp\/v2\/product\/2576654"}],"collection":[{"href":"https:\/\/streetmarkets.fr\/app\/wp-json\/wp\/v2\/product"}],"about":[{"href":"https:\/\/streetmarkets.fr\/app\/wp-json\/wp\/v2\/types\/product"}],"replies":[{"embeddable":true,"href":"https:\/\/streetmarkets.fr\/app\/wp-json\/wp\/v2\/comments?post=2576654"}],"wp:featuredmedia":[{"embeddable":true,"href":"https:\/\/streetmarkets.fr\/app\/wp-json\/wp\/v2\/media\/2576655"}],"wp:attachment":[{"href":"https:\/\/streetmarkets.fr\/app\/wp-json\/wp\/v2\/media?parent=2576654"}],"wp:term":[{"taxonomy":"product_brand","embeddable":true,"href":"https:\/\/streetmarkets.fr\/app\/wp-json\/wp\/v2\/product_brand?post=2576654"},{"taxonomy":"product_cat","embeddable":true,"href":"https:\/\/streetmarkets.fr\/app\/wp-json\/wp\/v2\/product_cat?post=2576654"},{"taxonomy":"product_tag","embeddable":true,"href":"https:\/\/streetmarkets.fr\/app\/wp-json\/wp\/v2\/product_tag?post=2576654"}],"curies":[{"name":"wp","href":"https:\/\/api.w.org\/{rel}","templated":true}]}}