{"id":2576569,"date":"2025-09-03T01:56:42","date_gmt":"2025-09-02T23:56:42","guid":{"rendered":"https:\/\/streetmarkets.fr\/app\/produit\/pull-col-rond-h25-homme-chocolat\/"},"modified":"2026-02-15T00:54:41","modified_gmt":"2026-02-14T23:54:41","slug":"pull-col-rond-h25-homme-chocolat","status":"publish","type":"product","link":"https:\/\/streetmarkets.fr\/app\/produit\/pull-col-rond-h25-homme-chocolat\/","title":{"rendered":"Pull Col Rond (H25 \/ HOMME \/ Chocolat)"},"content":{"rendered":"<p>Une maille moulin\u00e9e infiniment douce s&#8217;invite sur ce pull confectionn\u00e9 en cachemire. Sa coupe oversize est soulign\u00e9e d&#8217;un col rond, des manches longues raglan et des bords c\u00f4tel\u00e9s. \u00c9l\u00e9gant et intemporel, il s&#8217;associe \u00e0 un jean ample ou un pantalon de tailleur structur\u00e9.<\/p>\n<p>&#8211; Pull en cachemire certifi\u00e9 GCS\u00ae Homme<br \/>\n<br \/>&#8211; Col rond<br \/>\n<br \/>&#8211; Manches longues raglan<br \/>\n<br \/>&#8211; Bords c\u00f4tel\u00e9s<br \/>\n<br \/>&#8211; Coupe oversize<br \/>\n<br \/>&#8211; Le Good Cashmere Standard\u00ae (GCS) est une norme ind\u00e9pendante pour un cachemire plus durable et plus responsable. Il vise \u00e0 am\u00e9liorer le bien-\u00eatre des ch\u00e8vres cachemire, les conditions de travail des \u00e9leveurs ainsi qu&#8217;\u00e0 prot\u00e9ger l&#8217;environnement.<br \/>&#8211; <u>Cachemire 4 fils<\/u> <\/p>\n","protected":false},"excerpt":{"rendered":"<p>Une maille moulin\u00e9e infiniment douce s&#8217;invite sur ce pull confectionn\u00e9 en cachemire. Sa coupe oversize est soulign\u00e9e d&#8217;un col rond, des manches longues raglan et des bords c\u00f4tel\u00e9s. \u00c9l\u00e9gant et intemporel, il s&#8217;associe \u00e0 un jean ample ou un pantalon de tailleur structur\u00e9. &#8211; Pull en cachemire certifi\u00e9 GCS\u00ae Homme &#8211; Col rond &#8211; Manches [&hellip;]<\/p>\n","protected":false},"featured_media":2576570,"comment_status":"open","ping_status":"closed","template":"","meta":[],"product_brand":[6868],"product_cat":[1756,1758],"product_tag":[2244],"acf":[],"_links":{"self":[{"href":"https:\/\/streetmarkets.fr\/app\/wp-json\/wp\/v2\/product\/2576569"}],"collection":[{"href":"https:\/\/streetmarkets.fr\/app\/wp-json\/wp\/v2\/product"}],"about":[{"href":"https:\/\/streetmarkets.fr\/app\/wp-json\/wp\/v2\/types\/product"}],"replies":[{"embeddable":true,"href":"https:\/\/streetmarkets.fr\/app\/wp-json\/wp\/v2\/comments?post=2576569"}],"wp:featuredmedia":[{"embeddable":true,"href":"https:\/\/streetmarkets.fr\/app\/wp-json\/wp\/v2\/media\/2576570"}],"wp:attachment":[{"href":"https:\/\/streetmarkets.fr\/app\/wp-json\/wp\/v2\/media?parent=2576569"}],"wp:term":[{"taxonomy":"product_brand","embeddable":true,"href":"https:\/\/streetmarkets.fr\/app\/wp-json\/wp\/v2\/product_brand?post=2576569"},{"taxonomy":"product_cat","embeddable":true,"href":"https:\/\/streetmarkets.fr\/app\/wp-json\/wp\/v2\/product_cat?post=2576569"},{"taxonomy":"product_tag","embeddable":true,"href":"https:\/\/streetmarkets.fr\/app\/wp-json\/wp\/v2\/product_tag?post=2576569"}],"curies":[{"name":"wp","href":"https:\/\/api.w.org\/{rel}","templated":true}]}}