{"id":2576559,"date":"2025-09-03T01:56:42","date_gmt":"2025-09-02T23:56:42","guid":{"rendered":"https:\/\/streetmarkets.fr\/app\/produit\/pull-col-camionneur-h25-homme-luminous-pink\/"},"modified":"2026-02-02T00:51:32","modified_gmt":"2026-02-01T23:51:32","slug":"pull-col-camionneur-h25-homme-luminous-pink","status":"publish","type":"product","link":"https:\/\/streetmarkets.fr\/app\/produit\/pull-col-camionneur-h25-homme-luminous-pink\/","title":{"rendered":"Pull Col Camionneur (H25 \/ HOMME \/ Luminous Pink)"},"content":{"rendered":"<p>&#8211; Pull camionneur en cachemire 6 fils certifi\u00e9 GCS\u00ae Homme <br \/>&#8211; Col camionneur <br \/>&#8211; Manches longues <br \/>&#8211; Fermeture zipp\u00e9e <br \/>&#8211; Coupe oversize <br \/>&#8211; Le Good Cashmere Standard\u00ae (GCS) est une norme ind\u00e9pendante pour un cachemire plus durable et plus responsable. Il vise \u00e0 am\u00e9liorer le bien-\u00eatre des ch\u00e8vres cachemire, les conditions de travail des \u00e9leveurs ainsi qu&#8217;\u00e0 prot\u00e9ger l&#8217;environnement.<\/p>\n","protected":false},"excerpt":{"rendered":"<p>&#8211; Pull camionneur en cachemire 6 fils certifi\u00e9 GCS\u00ae Homme &#8211; Col camionneur &#8211; Manches longues &#8211; Fermeture zipp\u00e9e &#8211; Coupe oversize &#8211; Le Good Cashmere Standard\u00ae (GCS) est une norme ind\u00e9pendante pour un cachemire plus durable et plus responsable. Il vise \u00e0 am\u00e9liorer le bien-\u00eatre des ch\u00e8vres cachemire, les conditions de travail des \u00e9leveurs [&hellip;]<\/p>\n","protected":false},"featured_media":2576560,"comment_status":"open","ping_status":"closed","template":"","meta":[],"product_brand":[6868],"product_cat":[1756,1758],"product_tag":[2244],"acf":[],"_links":{"self":[{"href":"https:\/\/streetmarkets.fr\/app\/wp-json\/wp\/v2\/product\/2576559"}],"collection":[{"href":"https:\/\/streetmarkets.fr\/app\/wp-json\/wp\/v2\/product"}],"about":[{"href":"https:\/\/streetmarkets.fr\/app\/wp-json\/wp\/v2\/types\/product"}],"replies":[{"embeddable":true,"href":"https:\/\/streetmarkets.fr\/app\/wp-json\/wp\/v2\/comments?post=2576559"}],"wp:featuredmedia":[{"embeddable":true,"href":"https:\/\/streetmarkets.fr\/app\/wp-json\/wp\/v2\/media\/2576560"}],"wp:attachment":[{"href":"https:\/\/streetmarkets.fr\/app\/wp-json\/wp\/v2\/media?parent=2576559"}],"wp:term":[{"taxonomy":"product_brand","embeddable":true,"href":"https:\/\/streetmarkets.fr\/app\/wp-json\/wp\/v2\/product_brand?post=2576559"},{"taxonomy":"product_cat","embeddable":true,"href":"https:\/\/streetmarkets.fr\/app\/wp-json\/wp\/v2\/product_cat?post=2576559"},{"taxonomy":"product_tag","embeddable":true,"href":"https:\/\/streetmarkets.fr\/app\/wp-json\/wp\/v2\/product_tag?post=2576559"}],"curies":[{"name":"wp","href":"https:\/\/api.w.org\/{rel}","templated":true}]}}